{"id":4647,"date":"2026-01-20T08:51:35","date_gmt":"2026-01-20T00:51:35","guid":{"rendered":"https:\/\/www.klearlaser.com\/?post_type=product&#038;p=4647"},"modified":"2026-01-24T11:46:24","modified_gmt":"2026-01-24T03:46:24","slug":"backpack-laser-cleaning-machine","status":"publish","type":"product","link":"https:\/\/www.klearlaser.com\/es\/producto\/backpack-laser-cleaning-machine\/","title":{"rendered":"M\u00e1quina de limpieza l\u00e1ser de mochila KlearLaser - 100W-300W port\u00e1til pulsado"},"content":{"rendered":"<h2 style=\"font-size: 25px;\">M\u00e1quina de limpieza l\u00e1ser de mochila KlearLaser - Ultraligera para una limpieza de alta movilidad<\/h2>\n<p dir=\"auto\"><strong>Descubra lo \u00faltimo en portabilidad con la m\u00e1quina de limpieza por l\u00e1ser pulsado de mochila KlearLaser.<\/strong> Este pulsador de 100W-300W <strong>m\u00e1quina de limpieza l\u00e1ser de mochila<\/strong> presenta un dise\u00f1o port\u00e1til ultraligero (12-18 kg) alimentado por fuentes Raycus\/JPT\/IPG de primera calidad: la soluci\u00f3n sin cables ideal para la limpieza de alta movilidad. Con una mochila ergon\u00f3mica y un cable de fibra de 1,5 m, el limpiador l\u00e1ser de mochila elimina sin contacto y de forma segura el \u00f3xido, la pintura, los \u00f3xidos y los revestimientos.<\/p>\n<p dir=\"auto\"><strong>Caracter\u00edstica:<\/strong><\/p>\n<ul dir=\"auto\">\n<li>Mochila ultraligera (12-18 kg): C\u00f3modas correas ergon\u00f3micas para un uso prolongado.<\/li>\n<li>Tecnolog\u00eda l\u00e1ser pulsada: Limpieza de precisi\u00f3n sin da\u00f1ar el sustrato ni el calor.<\/li>\n<li>Cable de fibra de 1,5 m: Alcance flexible para espacios reducidos.<\/li>\n<li>Dise\u00f1o refrigerado por aire: No necesita agua: ideal para trabajar en exteriores.<\/li>\n<li>F\u00e1cil manejo por una sola persona: Controles intuitivos, sin necesidad de formaci\u00f3n.<\/li>\n<li>Aplicaciones de alta movilidad: Puentes, torres, interiores de barcos, restauraci\u00f3n del patrimonio...<\/li>\n<\/ul>\n<p>&nbsp;<\/p>\n<p><a href=\"https:\/\/www.klearlaser.com\/es\/laser-cleaning-contact\/\">P\u00f3ngase en contacto con nosotros<\/a> para una prueba de muestra y un presupuesto gratuitos: Env\u00ede su material para demostraci\u00f3n - sin compromiso.<\/p>\n<p><img fetchpriority=\"high\" decoding=\"async\" class=\"wp-image-4709 alignleft\" src=\"https:\/\/www.klearlaser.com\/wp-content\/uploads\/2026\/01\/klearlaser-backpack-laser-cleaning-machine-1.jpg\" alt=\"\" width=\"719\" height=\"880\" srcset=\"https:\/\/www.klearlaser.com\/wp-content\/uploads\/2026\/01\/klearlaser-backpack-laser-cleaning-machine-1.jpg 708w, https:\/\/www.klearlaser.com\/wp-content\/uploads\/2026\/01\/klearlaser-backpack-laser-cleaning-machine-1-245x300.jpg 245w, https:\/\/www.klearlaser.com\/wp-content\/uploads\/2026\/01\/klearlaser-backpack-laser-cleaning-machine-1-10x12.jpg 10w, https:\/\/www.klearlaser.com\/wp-content\/uploads\/2026\/01\/klearlaser-backpack-laser-cleaning-machine-1-600x735.jpg 600w\" sizes=\"(max-width: 719px) 100vw, 719px\" \/><\/p>\n<p>&nbsp;<\/p>\n<p>&nbsp;<\/p>\n<p>&nbsp;<\/p>\n<p><iframe title=\"Reproductor de v\u00eddeo YouTube\" src=\"https:\/\/www.youtube.com\/embed\/dt-EEyzqMX0?si=jOJrnhC8HSTbQZu9\" width=\"560\" height=\"315\" frameborder=\"0\" allowfullscreen=\"allowfullscreen\"><\/iframe><\/p>\n<p><img decoding=\"async\" class=\"alignleft wp-image-5020\" src=\"https:\/\/www.klearlaser.com\/wp-content\/uploads\/2026\/01\/klearlaser-backpack-laser-cleaning-machine-2-scaled.png\" alt=\"\" width=\"711\" height=\"1150\" srcset=\"https:\/\/www.klearlaser.com\/wp-content\/uploads\/2026\/01\/klearlaser-backpack-laser-cleaning-machine-2-scaled.png 1582w, https:\/\/www.klearlaser.com\/wp-content\/uploads\/2026\/01\/klearlaser-backpack-laser-cleaning-machine-2-185x300.png 185w, https:\/\/www.klearlaser.com\/wp-content\/uploads\/2026\/01\/klearlaser-backpack-laser-cleaning-machine-2-633x1024.png 633w, https:\/\/www.klearlaser.com\/wp-content\/uploads\/2026\/01\/klearlaser-backpack-laser-cleaning-machine-2-768x1243.png 768w, https:\/\/www.klearlaser.com\/wp-content\/uploads\/2026\/01\/klearlaser-backpack-laser-cleaning-machine-2-949x1536.png 949w, https:\/\/www.klearlaser.com\/wp-content\/uploads\/2026\/01\/klearlaser-backpack-laser-cleaning-machine-2-1266x2048.png 1266w, https:\/\/www.klearlaser.com\/wp-content\/uploads\/2026\/01\/klearlaser-backpack-laser-cleaning-machine-2-7x12.png 7w, https:\/\/www.klearlaser.com\/wp-content\/uploads\/2026\/01\/klearlaser-backpack-laser-cleaning-machine-2-600x971.png 600w\" sizes=\"(max-width: 711px) 100vw, 711px\" \/> <img decoding=\"async\" class=\"alignleft wp-image-5021\" src=\"https:\/\/www.klearlaser.com\/wp-content\/uploads\/2026\/01\/klearlaser-specification-1.jpg\" alt=\"\" width=\"713\" height=\"1540\" srcset=\"https:\/\/www.klearlaser.com\/wp-content\/uploads\/2026\/01\/klearlaser-specification-1.jpg 1000w, https:\/\/www.klearlaser.com\/wp-content\/uploads\/2026\/01\/klearlaser-specification-1-139x300.jpg 139w, https:\/\/www.klearlaser.com\/wp-content\/uploads\/2026\/01\/klearlaser-specification-1-474x1024.jpg 474w, https:\/\/www.klearlaser.com\/wp-content\/uploads\/2026\/01\/klearlaser-specification-1-768x1659.jpg 768w, https:\/\/www.klearlaser.com\/wp-content\/uploads\/2026\/01\/klearlaser-specification-1-711x1536.jpg 711w, https:\/\/www.klearlaser.com\/wp-content\/uploads\/2026\/01\/klearlaser-specification-1-948x2048.jpg 948w, https:\/\/www.klearlaser.com\/wp-content\/uploads\/2026\/01\/klearlaser-specification-1-6x12.jpg 6w, https:\/\/www.klearlaser.com\/wp-content\/uploads\/2026\/01\/klearlaser-specification-1-600x1296.jpg 600w\" sizes=\"(max-width: 713px) 100vw, 713px\" \/><\/p>\n<p>&nbsp;<\/p>\n<p><img loading=\"lazy\" decoding=\"async\" class=\"alignleft wp-image-4712\" src=\"https:\/\/www.klearlaser.com\/wp-content\/uploads\/2026\/01\/klearlaser-backpack-laser-cleaning-machine-3.jpg\" alt=\"\" width=\"708\" height=\"708\" srcset=\"https:\/\/www.klearlaser.com\/wp-content\/uploads\/2026\/01\/klearlaser-backpack-laser-cleaning-machine-3.jpg 927w, https:\/\/www.klearlaser.com\/wp-content\/uploads\/2026\/01\/klearlaser-backpack-laser-cleaning-machine-3-300x300.jpg 300w, https:\/\/www.klearlaser.com\/wp-content\/uploads\/2026\/01\/klearlaser-backpack-laser-cleaning-machine-3-150x150.jpg 150w, https:\/\/www.klearlaser.com\/wp-content\/uploads\/2026\/01\/klearlaser-backpack-laser-cleaning-machine-3-768x768.jpg 768w, https:\/\/www.klearlaser.com\/wp-content\/uploads\/2026\/01\/klearlaser-backpack-laser-cleaning-machine-3-12x12.jpg 12w, https:\/\/www.klearlaser.com\/wp-content\/uploads\/2026\/01\/klearlaser-backpack-laser-cleaning-machine-3-600x600.jpg 600w, https:\/\/www.klearlaser.com\/wp-content\/uploads\/2026\/01\/klearlaser-backpack-laser-cleaning-machine-3-100x100.jpg 100w\" sizes=\"(max-width: 708px) 100vw, 708px\" \/> <img loading=\"lazy\" decoding=\"async\" class=\"alignleft wp-image-4713\" src=\"https:\/\/www.klearlaser.com\/wp-content\/uploads\/2026\/01\/klearlaser-backpack-laser-cleaning-machine-4.jpg\" alt=\"\" width=\"706\" height=\"706\" srcset=\"https:\/\/www.klearlaser.com\/wp-content\/uploads\/2026\/01\/klearlaser-backpack-laser-cleaning-machine-4.jpg 860w, https:\/\/www.klearlaser.com\/wp-content\/uploads\/2026\/01\/klearlaser-backpack-laser-cleaning-machine-4-300x300.jpg 300w, https:\/\/www.klearlaser.com\/wp-content\/uploads\/2026\/01\/klearlaser-backpack-laser-cleaning-machine-4-150x150.jpg 150w, https:\/\/www.klearlaser.com\/wp-content\/uploads\/2026\/01\/klearlaser-backpack-laser-cleaning-machine-4-768x768.jpg 768w, https:\/\/www.klearlaser.com\/wp-content\/uploads\/2026\/01\/klearlaser-backpack-laser-cleaning-machine-4-12x12.jpg 12w, https:\/\/www.klearlaser.com\/wp-content\/uploads\/2026\/01\/klearlaser-backpack-laser-cleaning-machine-4-600x600.jpg 600w, https:\/\/www.klearlaser.com\/wp-content\/uploads\/2026\/01\/klearlaser-backpack-laser-cleaning-machine-4-100x100.jpg 100w\" sizes=\"(max-width: 706px) 100vw, 706px\" \/> <img loading=\"lazy\" decoding=\"async\" class=\"alignleft wp-image-4714\" src=\"https:\/\/www.klearlaser.com\/wp-content\/uploads\/2026\/01\/klearlaser-backpack-laser-cleaning-machine-5.jpg\" alt=\"\" width=\"706\" height=\"706\" srcset=\"https:\/\/www.klearlaser.com\/wp-content\/uploads\/2026\/01\/klearlaser-backpack-laser-cleaning-machine-5.jpg 814w, https:\/\/www.klearlaser.com\/wp-content\/uploads\/2026\/01\/klearlaser-backpack-laser-cleaning-machine-5-300x300.jpg 300w, https:\/\/www.klearlaser.com\/wp-content\/uploads\/2026\/01\/klearlaser-backpack-laser-cleaning-machine-5-150x150.jpg 150w, https:\/\/www.klearlaser.com\/wp-content\/uploads\/2026\/01\/klearlaser-backpack-laser-cleaning-machine-5-768x768.jpg 768w, https:\/\/www.klearlaser.com\/wp-content\/uploads\/2026\/01\/klearlaser-backpack-laser-cleaning-machine-5-12x12.jpg 12w, https:\/\/www.klearlaser.com\/wp-content\/uploads\/2026\/01\/klearlaser-backpack-laser-cleaning-machine-5-600x600.jpg 600w, https:\/\/www.klearlaser.com\/wp-content\/uploads\/2026\/01\/klearlaser-backpack-laser-cleaning-machine-5-100x100.jpg 100w\" sizes=\"(max-width: 706px) 100vw, 706px\" \/> <img loading=\"lazy\" decoding=\"async\" class=\"alignleft wp-image-4715\" src=\"https:\/\/www.klearlaser.com\/wp-content\/uploads\/2026\/01\/klearlaser-backpack-laser-cleaning-machine-6.jpg\" alt=\"\" width=\"707\" height=\"707\" srcset=\"https:\/\/www.klearlaser.com\/wp-content\/uploads\/2026\/01\/klearlaser-backpack-laser-cleaning-machine-6.jpg 752w, https:\/\/www.klearlaser.com\/wp-content\/uploads\/2026\/01\/klearlaser-backpack-laser-cleaning-machine-6-300x300.jpg 300w, https:\/\/www.klearlaser.com\/wp-content\/uploads\/2026\/01\/klearlaser-backpack-laser-cleaning-machine-6-150x150.jpg 150w, https:\/\/www.klearlaser.com\/wp-content\/uploads\/2026\/01\/klearlaser-backpack-laser-cleaning-machine-6-12x12.jpg 12w, https:\/\/www.klearlaser.com\/wp-content\/uploads\/2026\/01\/klearlaser-backpack-laser-cleaning-machine-6-600x600.jpg 600w, https:\/\/www.klearlaser.com\/wp-content\/uploads\/2026\/01\/klearlaser-backpack-laser-cleaning-machine-6-100x100.jpg 100w\" sizes=\"(max-width: 707px) 100vw, 707px\" \/> <img loading=\"lazy\" decoding=\"async\" class=\"alignleft wp-image-4716\" src=\"https:\/\/www.klearlaser.com\/wp-content\/uploads\/2026\/01\/klearlaser-backpack-laser-cleaning-machine-7.jpg\" alt=\"\" width=\"708\" height=\"708\" srcset=\"https:\/\/www.klearlaser.com\/wp-content\/uploads\/2026\/01\/klearlaser-backpack-laser-cleaning-machine-7.jpg 666w, https:\/\/www.klearlaser.com\/wp-content\/uploads\/2026\/01\/klearlaser-backpack-laser-cleaning-machine-7-300x300.jpg 300w, https:\/\/www.klearlaser.com\/wp-content\/uploads\/2026\/01\/klearlaser-backpack-laser-cleaning-machine-7-150x150.jpg 150w, https:\/\/www.klearlaser.com\/wp-content\/uploads\/2026\/01\/klearlaser-backpack-laser-cleaning-machine-7-12x12.jpg 12w, https:\/\/www.klearlaser.com\/wp-content\/uploads\/2026\/01\/klearlaser-backpack-laser-cleaning-machine-7-600x600.jpg 600w, https:\/\/www.klearlaser.com\/wp-content\/uploads\/2026\/01\/klearlaser-backpack-laser-cleaning-machine-7-100x100.jpg 100w\" sizes=\"(max-width: 708px) 100vw, 708px\" \/> <img loading=\"lazy\" decoding=\"async\" class=\"alignleft wp-image-4719\" src=\"https:\/\/www.klearlaser.com\/wp-content\/uploads\/2026\/01\/klearlaser-laser-cleaning-machine-application.jpg\" alt=\"\" width=\"705\" height=\"604\" srcset=\"https:\/\/www.klearlaser.com\/wp-content\/uploads\/2026\/01\/klearlaser-laser-cleaning-machine-application.jpg 654w, https:\/\/www.klearlaser.com\/wp-content\/uploads\/2026\/01\/klearlaser-laser-cleaning-machine-application-300x257.jpg 300w, https:\/\/www.klearlaser.com\/wp-content\/uploads\/2026\/01\/klearlaser-laser-cleaning-machine-application-14x12.jpg 14w, https:\/\/www.klearlaser.com\/wp-content\/uploads\/2026\/01\/klearlaser-laser-cleaning-machine-application-600x514.jpg 600w\" sizes=\"(max-width: 705px) 100vw, 705px\" \/> <img loading=\"lazy\" decoding=\"async\" class=\"alignleft wp-image-4720\" src=\"https:\/\/www.klearlaser.com\/wp-content\/uploads\/2026\/01\/klearlaser-laser-cleaning-machine-sample.jpg\" alt=\"\" width=\"704\" height=\"853\" srcset=\"https:\/\/www.klearlaser.com\/wp-content\/uploads\/2026\/01\/klearlaser-laser-cleaning-machine-sample.jpg 664w, https:\/\/www.klearlaser.com\/wp-content\/uploads\/2026\/01\/klearlaser-laser-cleaning-machine-sample-248x300.jpg 248w, https:\/\/www.klearlaser.com\/wp-content\/uploads\/2026\/01\/klearlaser-laser-cleaning-machine-sample-10x12.jpg 10w, https:\/\/www.klearlaser.com\/wp-content\/uploads\/2026\/01\/klearlaser-laser-cleaning-machine-sample-600x727.jpg 600w\" sizes=\"(max-width: 704px) 100vw, 704px\" \/> <img loading=\"lazy\" decoding=\"async\" class=\"alignleft wp-image-4718\" src=\"https:\/\/www.klearlaser.com\/wp-content\/uploads\/2026\/01\/klearlaser-Laser-Cleaning-Before-After.jpg\" alt=\"\" width=\"705\" height=\"881\" srcset=\"https:\/\/www.klearlaser.com\/wp-content\/uploads\/2026\/01\/klearlaser-Laser-Cleaning-Before-After.jpg 584w, https:\/\/www.klearlaser.com\/wp-content\/uploads\/2026\/01\/klearlaser-Laser-Cleaning-Before-After-240x300.jpg 240w, https:\/\/www.klearlaser.com\/wp-content\/uploads\/2026\/01\/klearlaser-Laser-Cleaning-Before-After-10x12.jpg 10w\" sizes=\"(max-width: 705px) 100vw, 705px\" \/> <img loading=\"lazy\" decoding=\"async\" class=\"alignleft wp-image-4721\" src=\"https:\/\/www.klearlaser.com\/wp-content\/uploads\/2026\/01\/klearlaser-packing.jpg\" alt=\"\" width=\"698\" height=\"455\" srcset=\"https:\/\/www.klearlaser.com\/wp-content\/uploads\/2026\/01\/klearlaser-packing.jpg 647w, https:\/\/www.klearlaser.com\/wp-content\/uploads\/2026\/01\/klearlaser-packing-300x196.jpg 300w, https:\/\/www.klearlaser.com\/wp-content\/uploads\/2026\/01\/klearlaser-packing-18x12.jpg 18w, https:\/\/www.klearlaser.com\/wp-content\/uploads\/2026\/01\/klearlaser-packing-600x391.jpg 600w\" sizes=\"(max-width: 698px) 100vw, 698px\" \/> <img loading=\"lazy\" decoding=\"async\" class=\"alignleft wp-image-4717\" src=\"https:\/\/www.klearlaser.com\/wp-content\/uploads\/2026\/01\/klearlaser-certification.jpg\" alt=\"\" width=\"705\" height=\"487\" srcset=\"https:\/\/www.klearlaser.com\/wp-content\/uploads\/2026\/01\/klearlaser-certification.jpg 729w, https:\/\/www.klearlaser.com\/wp-content\/uploads\/2026\/01\/klearlaser-certification-300x207.jpg 300w, https:\/\/www.klearlaser.com\/wp-content\/uploads\/2026\/01\/klearlaser-certification-18x12.jpg 18w, https:\/\/www.klearlaser.com\/wp-content\/uploads\/2026\/01\/klearlaser-certification-600x415.jpg 600w\" sizes=\"(max-width: 705px) 100vw, 705px\" \/> <img loading=\"lazy\" decoding=\"async\" class=\"alignleft wp-image-4710\" src=\"https:\/\/www.klearlaser.com\/wp-content\/uploads\/2026\/01\/klearlaser-advantage.jpg\" alt=\"\" width=\"709\" height=\"481\" srcset=\"https:\/\/www.klearlaser.com\/wp-content\/uploads\/2026\/01\/klearlaser-advantage.jpg 950w, https:\/\/www.klearlaser.com\/wp-content\/uploads\/2026\/01\/klearlaser-advantage-300x204.jpg 300w, https:\/\/www.klearlaser.com\/wp-content\/uploads\/2026\/01\/klearlaser-advantage-768x521.jpg 768w, https:\/\/www.klearlaser.com\/wp-content\/uploads\/2026\/01\/klearlaser-advantage-18x12.jpg 18w, https:\/\/www.klearlaser.com\/wp-content\/uploads\/2026\/01\/klearlaser-advantage-600x407.jpg 600w\" sizes=\"(max-width: 709px) 100vw, 709px\" \/><\/p>\n<p>&nbsp;<\/p>\n<p>&nbsp;<\/p>\n<p>&nbsp;<\/p>\n<p>&nbsp;<\/p>\n<p dir=\"auto\">","protected":false},"excerpt":{"rendered":"<p dir=\"auto\"><strong>Descubra lo \u00faltimo en portabilidad y precisi\u00f3n con la limpiadora l\u00e1ser de mochila KlearLaser.<\/strong> Este innovador pulsador de 100W-300W <strong>m\u00e1quina de limpieza l\u00e1ser de mochila<\/strong> elimina las limitaciones de los equipos pesados tradicionales y presenta un dise\u00f1o ligero y port\u00e1til alimentado por fuentes Raycus\/JPT\/IPG de primera calidad, lo que la convierte en la soluci\u00f3n de limpieza sin cables y de gran movilidad ideal para los profesionales que se desplazan. Con su mochila ergon\u00f3mica y su alcance de fibra de 1,5 m, el <strong>M\u00e1quina de limpieza l\u00e1ser de mochila KlearLaser<\/strong> proporciona una limpieza sin contacto y segura para el sustrato, lo que fomenta un trabajo in situ m\u00e1s eficiente a la vez que ofrece una libertad sin precedentes para aplicaciones a gran altitud, en exteriores y en espacios confinados.<\/p>\n<ul dir=\"auto\">\n<li>Mochila ultraligera (12-18 kg): C\u00f3moda para un uso prolongado.<\/li>\n<li>Tecnolog\u00eda l\u00e1ser pulsada: Limpieza de precisi\u00f3n sin da\u00f1ar el sustrato ni el calor.<\/li>\n<li>Cable de fibra de 1,5 m: Alcance suficiente para la mayor\u00eda de las tareas in situ.<\/li>\n<li>Dise\u00f1o refrigerado por aire: No necesita agua - perfecto para el trabajo al aire libre \/ campo.<\/li>\n<li>F\u00e1cil manejo: No requiere formaci\u00f3n especial, ideal para equipos m\u00f3viles.<\/li>\n<li>Aplicaciones de alta movilidad: Puentes, torres, interiores de barcos, restauraci\u00f3n del patrimonio.<\/li>\n<\/ul>\n<p>&nbsp;<\/p>\n<p><a href=\"https:\/\/www.klearlaser.com\/es\/laser-cleaning-contact\/\">P\u00f3ngase en contacto con nosotros<\/a> para una prueba de muestra y presupuesto gratuitos: Env\u00ede su material para una demostraci\u00f3n de limpieza - sin compromiso.<\/p>","protected":false},"featured_media":4723,"template":"","meta":[],"product_brand":[],"product_cat":[98],"product_tag":[],"class_list":{"0":"post-4647","1":"product","2":"type-product","3":"status-publish","4":"has-post-thumbnail","6":"product_cat-backpack-series","8":"first","9":"instock","10":"shipping-taxable","11":"product-type-simple"},"_links":{"self":[{"href":"https:\/\/www.klearlaser.com\/es\/wp-json\/wp\/v2\/product\/4647","targetHints":{"allow":["GET"]}}],"collection":[{"href":"https:\/\/www.klearlaser.com\/es\/wp-json\/wp\/v2\/product"}],"about":[{"href":"https:\/\/www.klearlaser.com\/es\/wp-json\/wp\/v2\/types\/product"}],"wp:featuredmedia":[{"embeddable":true,"href":"https:\/\/www.klearlaser.com\/es\/wp-json\/wp\/v2\/media\/4723"}],"wp:attachment":[{"href":"https:\/\/www.klearlaser.com\/es\/wp-json\/wp\/v2\/media?parent=4647"}],"wp:term":[{"taxonomy":"product_brand","embeddable":true,"href":"https:\/\/www.klearlaser.com\/es\/wp-json\/wp\/v2\/product_brand?post=4647"},{"taxonomy":"product_cat","embeddable":true,"href":"https:\/\/www.klearlaser.com\/es\/wp-json\/wp\/v2\/product_cat?post=4647"},{"taxonomy":"product_tag","embeddable":true,"href":"https:\/\/www.klearlaser.com\/es\/wp-json\/wp\/v2\/product_tag?post=4647"}],"curies":[{"name":"wp","href":"https:\/\/api.w.org\/{rel}","templated":true}]}}