{"id":4666,"date":"2026-01-20T14:41:06","date_gmt":"2026-01-20T06:41:06","guid":{"rendered":"https:\/\/www.klearlaser.com\/?post_type=product&#038;p=4666"},"modified":"2026-01-24T11:45:07","modified_gmt":"2026-01-24T03:45:07","slug":"suitcase-laser-cleaning-machine","status":"publish","type":"product","link":"https:\/\/www.klearlaser.com\/es\/producto\/suitcase-laser-cleaning-machine\/","title":{"rendered":"KlearLaser M\u00e1quina de limpieza l\u00e1ser de maletas - 100W-500W Pulsado port\u00e1til"},"content":{"rendered":"<h2 style=\"font-size: 25px;\">KlearLaser M\u00e1quina de limpieza l\u00e1ser de maletas - 100W-500W Pulsado port\u00e1til<\/h2>\n<p dir=\"auto\"><strong>Descubra la portabilidad y precisi\u00f3n sin esfuerzo con la m\u00e1quina de limpieza por l\u00e1ser pulsado KlearLaser Suitcase.<\/strong> Este compacto pulsado de 100W-500W <strong>m\u00e1quina de limpieza l\u00e1ser de maletas<\/strong> cuenta con un resistente dise\u00f1o de maleta r\u00edgida con asa y ruedas: la soluci\u00f3n ideal sin cables y lista para viajar para la movilidad in situ. Alimentado por una fuente l\u00e1ser JPT de alta calidad con una longitud de onda de 1064 nm, proporciona una limpieza sin contacto y segura de \u00f3xido, pintura, \u00f3xidos y revestimientos con una anchura de pulso ajustable (10-500 ns) y un cable \u00f3ptico de 5 metros.<\/p>\n<p dir=\"auto\"><strong>Caracter\u00edstica:<\/strong><\/p>\n<ul dir=\"auto\">\n<li>Maleta r\u00edgida compacta: Duradera, con asa y ruedas para facilitar su transporte y almacenamiento<\/li>\n<li>Funcionamiento con l\u00e1ser pulsado: Limpieza de precisi\u00f3n con anchura de pulso ajustable de 10-500ns e inestabilidad de potencia &lt;2%<\/li>\n<li>Cable \u00f3ptico de 5 metros: Alcance flexible para zonas de dif\u00edcil acceso<\/li>\n<li>Refrigeraci\u00f3n por aire: No necesita agua: ideal para trabajos en exteriores\/campo.<\/li>\n<li>8 modos de limpieza: Vers\u00e1til con anchura de limpieza opcional de 110\u00d7110 mm<\/li>\n<li>Funcionamiento manual: Controles intuitivos, sin necesidad de formaci\u00f3n especial<\/li>\n<li>Rendimiento estable: Funciona de forma fiable a 5\u00b0C~40\u00b0C y \u226480% de humedad.<\/li>\n<\/ul>\n<p dir=\"auto\"><strong>Aplicaciones:<\/strong><\/p>\n<ul dir=\"auto\">\n<li>Pruebas de campo y demostraciones<\/li>\n<li>Patrimonio y restauraci\u00f3n de antig\u00fcedades<\/li>\n<li>Repintado de cubos de rueda y piezas de autom\u00f3viles<\/li>\n<li>Eliminaci\u00f3n de \u00f3xido\/pintura en espacios confinados<\/li>\n<li>Limpieza electr\u00f3nica de precisi\u00f3n<\/li>\n<li>Mantenimiento puntual de equipos industriales<\/li>\n<\/ul>\n<p>&nbsp;<\/p>\n<p dir=\"auto\"><strong><a href=\"https:\/\/www.klearlaser.com\/es\/laser-cleaning-contact\/\">P\u00f3ngase en contacto con nosotros <\/a><\/strong>para prueba de muestras y presupuesto gratuitos - env\u00ede su material para demostraci\u00f3n de limpieza - sin compromiso.<\/p>\n<p><img fetchpriority=\"high\" decoding=\"async\" class=\"alignleft size-full wp-image-4728\" src=\"https:\/\/www.klearlaser.com\/wp-content\/uploads\/2026\/01\/klearlaser-suitcase-laser-cleaning-machine-1.jpg\" alt=\"\" width=\"690\" height=\"977\" srcset=\"https:\/\/www.klearlaser.com\/wp-content\/uploads\/2026\/01\/klearlaser-suitcase-laser-cleaning-machine-1.jpg 690w, https:\/\/www.klearlaser.com\/wp-content\/uploads\/2026\/01\/klearlaser-suitcase-laser-cleaning-machine-1-212x300.jpg 212w, https:\/\/www.klearlaser.com\/wp-content\/uploads\/2026\/01\/klearlaser-suitcase-laser-cleaning-machine-1-8x12.jpg 8w, https:\/\/www.klearlaser.com\/wp-content\/uploads\/2026\/01\/klearlaser-suitcase-laser-cleaning-machine-1-600x850.jpg 600w\" sizes=\"(max-width: 690px) 100vw, 690px\" \/><\/p>\n<p><iframe title=\"Reproductor de v\u00eddeo YouTube\" src=\"https:\/\/www.youtube.com\/embed\/seeTwXg_Ix8?si=qaj0tM5TGGrOC-6H\" width=\"560\" height=\"315\" frameborder=\"0\" allowfullscreen=\"allowfullscreen\"><\/iframe><\/p>\n<p><img decoding=\"async\" class=\"alignleft wp-image-4729\" src=\"https:\/\/www.klearlaser.com\/wp-content\/uploads\/2026\/01\/klearlaser-suitcase-laser-cleaning-machine-02.jpg\" alt=\"\" width=\"717\" height=\"532\" srcset=\"https:\/\/www.klearlaser.com\/wp-content\/uploads\/2026\/01\/klearlaser-suitcase-laser-cleaning-machine-02.jpg 790w, https:\/\/www.klearlaser.com\/wp-content\/uploads\/2026\/01\/klearlaser-suitcase-laser-cleaning-machine-02-300x223.jpg 300w, https:\/\/www.klearlaser.com\/wp-content\/uploads\/2026\/01\/klearlaser-suitcase-laser-cleaning-machine-02-768x570.jpg 768w, https:\/\/www.klearlaser.com\/wp-content\/uploads\/2026\/01\/klearlaser-suitcase-laser-cleaning-machine-02-16x12.jpg 16w, https:\/\/www.klearlaser.com\/wp-content\/uploads\/2026\/01\/klearlaser-suitcase-laser-cleaning-machine-02-600x445.jpg 600w\" sizes=\"(max-width: 717px) 100vw, 717px\" \/> <img decoding=\"async\" class=\"alignleft wp-image-4730\" src=\"https:\/\/www.klearlaser.com\/wp-content\/uploads\/2026\/01\/klearlaser-suitcase-laser-cleaning-machine-2.jpg\" alt=\"\" width=\"712\" height=\"712\" srcset=\"https:\/\/www.klearlaser.com\/wp-content\/uploads\/2026\/01\/klearlaser-suitcase-laser-cleaning-machine-2.jpg 742w, https:\/\/www.klearlaser.com\/wp-content\/uploads\/2026\/01\/klearlaser-suitcase-laser-cleaning-machine-2-300x300.jpg 300w, https:\/\/www.klearlaser.com\/wp-content\/uploads\/2026\/01\/klearlaser-suitcase-laser-cleaning-machine-2-150x150.jpg 150w, https:\/\/www.klearlaser.com\/wp-content\/uploads\/2026\/01\/klearlaser-suitcase-laser-cleaning-machine-2-12x12.jpg 12w, https:\/\/www.klearlaser.com\/wp-content\/uploads\/2026\/01\/klearlaser-suitcase-laser-cleaning-machine-2-600x600.jpg 600w, https:\/\/www.klearlaser.com\/wp-content\/uploads\/2026\/01\/klearlaser-suitcase-laser-cleaning-machine-2-100x100.jpg 100w\" sizes=\"(max-width: 712px) 100vw, 712px\" \/> <img loading=\"lazy\" decoding=\"async\" class=\"alignleft wp-image-4731\" src=\"https:\/\/www.klearlaser.com\/wp-content\/uploads\/2026\/01\/klearlaser-suitcase-laser-cleaning-machine-3.jpg\" alt=\"\" width=\"748\" height=\"748\" srcset=\"https:\/\/www.klearlaser.com\/wp-content\/uploads\/2026\/01\/klearlaser-suitcase-laser-cleaning-machine-3.jpg 800w, https:\/\/www.klearlaser.com\/wp-content\/uploads\/2026\/01\/klearlaser-suitcase-laser-cleaning-machine-3-300x300.jpg 300w, https:\/\/www.klearlaser.com\/wp-content\/uploads\/2026\/01\/klearlaser-suitcase-laser-cleaning-machine-3-150x150.jpg 150w, https:\/\/www.klearlaser.com\/wp-content\/uploads\/2026\/01\/klearlaser-suitcase-laser-cleaning-machine-3-768x768.jpg 768w, https:\/\/www.klearlaser.com\/wp-content\/uploads\/2026\/01\/klearlaser-suitcase-laser-cleaning-machine-3-12x12.jpg 12w, https:\/\/www.klearlaser.com\/wp-content\/uploads\/2026\/01\/klearlaser-suitcase-laser-cleaning-machine-3-600x600.jpg 600w, https:\/\/www.klearlaser.com\/wp-content\/uploads\/2026\/01\/klearlaser-suitcase-laser-cleaning-machine-3-100x100.jpg 100w\" sizes=\"(max-width: 748px) 100vw, 748px\" \/> <img loading=\"lazy\" decoding=\"async\" class=\"alignleft size-full wp-image-4732\" src=\"https:\/\/www.klearlaser.com\/wp-content\/uploads\/2026\/01\/klearlaser-suitcase-laser-cleaning-machine-4.jpg\" alt=\"\" width=\"750\" height=\"845\" srcset=\"https:\/\/www.klearlaser.com\/wp-content\/uploads\/2026\/01\/klearlaser-suitcase-laser-cleaning-machine-4.jpg 750w, https:\/\/www.klearlaser.com\/wp-content\/uploads\/2026\/01\/klearlaser-suitcase-laser-cleaning-machine-4-266x300.jpg 266w, https:\/\/www.klearlaser.com\/wp-content\/uploads\/2026\/01\/klearlaser-suitcase-laser-cleaning-machine-4-11x12.jpg 11w, https:\/\/www.klearlaser.com\/wp-content\/uploads\/2026\/01\/klearlaser-suitcase-laser-cleaning-machine-4-600x676.jpg 600w\" sizes=\"(max-width: 750px) 100vw, 750px\" \/> <img loading=\"lazy\" decoding=\"async\" class=\"alignleft wp-image-4733\" src=\"https:\/\/www.klearlaser.com\/wp-content\/uploads\/2026\/01\/klearlaser-suitcase-laser-cleaning-machine-5.jpg\" alt=\"\" width=\"749\" height=\"1289\" srcset=\"https:\/\/www.klearlaser.com\/wp-content\/uploads\/2026\/01\/klearlaser-suitcase-laser-cleaning-machine-5.jpg 659w, https:\/\/www.klearlaser.com\/wp-content\/uploads\/2026\/01\/klearlaser-suitcase-laser-cleaning-machine-5-174x300.jpg 174w, https:\/\/www.klearlaser.com\/wp-content\/uploads\/2026\/01\/klearlaser-suitcase-laser-cleaning-machine-5-595x1024.jpg 595w, https:\/\/www.klearlaser.com\/wp-content\/uploads\/2026\/01\/klearlaser-suitcase-laser-cleaning-machine-5-7x12.jpg 7w, https:\/\/www.klearlaser.com\/wp-content\/uploads\/2026\/01\/klearlaser-suitcase-laser-cleaning-machine-5-600x1032.jpg 600w\" sizes=\"(max-width: 749px) 100vw, 749px\" \/> <img loading=\"lazy\" decoding=\"async\" class=\"alignleft wp-image-4734\" src=\"https:\/\/www.klearlaser.com\/wp-content\/uploads\/2026\/01\/klearlaser-suitcase-laser-cleaning-machine-7.jpg\" alt=\"\" width=\"768\" height=\"533\" srcset=\"https:\/\/www.klearlaser.com\/wp-content\/uploads\/2026\/01\/klearlaser-suitcase-laser-cleaning-machine-7.jpg 790w, https:\/\/www.klearlaser.com\/wp-content\/uploads\/2026\/01\/klearlaser-suitcase-laser-cleaning-machine-7-300x208.jpg 300w, https:\/\/www.klearlaser.com\/wp-content\/uploads\/2026\/01\/klearlaser-suitcase-laser-cleaning-machine-7-768x533.jpg 768w, https:\/\/www.klearlaser.com\/wp-content\/uploads\/2026\/01\/klearlaser-suitcase-laser-cleaning-machine-7-18x12.jpg 18w, https:\/\/www.klearlaser.com\/wp-content\/uploads\/2026\/01\/klearlaser-suitcase-laser-cleaning-machine-7-600x416.jpg 600w\" sizes=\"(max-width: 768px) 100vw, 768px\" \/> <img loading=\"lazy\" decoding=\"async\" class=\"alignleft wp-image-4719\" src=\"https:\/\/www.klearlaser.com\/wp-content\/uploads\/2026\/01\/klearlaser-laser-cleaning-machine-application.jpg\" alt=\"\" width=\"750\" height=\"642\" srcset=\"https:\/\/www.klearlaser.com\/wp-content\/uploads\/2026\/01\/klearlaser-laser-cleaning-machine-application.jpg 654w, https:\/\/www.klearlaser.com\/wp-content\/uploads\/2026\/01\/klearlaser-laser-cleaning-machine-application-300x257.jpg 300w, https:\/\/www.klearlaser.com\/wp-content\/uploads\/2026\/01\/klearlaser-laser-cleaning-machine-application-14x12.jpg 14w, https:\/\/www.klearlaser.com\/wp-content\/uploads\/2026\/01\/klearlaser-laser-cleaning-machine-application-600x514.jpg 600w\" sizes=\"(max-width: 750px) 100vw, 750px\" \/> <img loading=\"lazy\" decoding=\"async\" class=\"alignleft wp-image-4720\" src=\"https:\/\/www.klearlaser.com\/wp-content\/uploads\/2026\/01\/klearlaser-laser-cleaning-machine-sample.jpg\" alt=\"\" width=\"750\" height=\"908\" srcset=\"https:\/\/www.klearlaser.com\/wp-content\/uploads\/2026\/01\/klearlaser-laser-cleaning-machine-sample.jpg 664w, https:\/\/www.klearlaser.com\/wp-content\/uploads\/2026\/01\/klearlaser-laser-cleaning-machine-sample-248x300.jpg 248w, https:\/\/www.klearlaser.com\/wp-content\/uploads\/2026\/01\/klearlaser-laser-cleaning-machine-sample-10x12.jpg 10w, https:\/\/www.klearlaser.com\/wp-content\/uploads\/2026\/01\/klearlaser-laser-cleaning-machine-sample-600x727.jpg 600w\" sizes=\"(max-width: 750px) 100vw, 750px\" \/> <img loading=\"lazy\" decoding=\"async\" class=\"alignleft wp-image-4718\" src=\"https:\/\/www.klearlaser.com\/wp-content\/uploads\/2026\/01\/klearlaser-Laser-Cleaning-Before-After.jpg\" alt=\"\" width=\"748\" height=\"935\" srcset=\"https:\/\/www.klearlaser.com\/wp-content\/uploads\/2026\/01\/klearlaser-Laser-Cleaning-Before-After.jpg 584w, https:\/\/www.klearlaser.com\/wp-content\/uploads\/2026\/01\/klearlaser-Laser-Cleaning-Before-After-240x300.jpg 240w, https:\/\/www.klearlaser.com\/wp-content\/uploads\/2026\/01\/klearlaser-Laser-Cleaning-Before-After-10x12.jpg 10w\" sizes=\"(max-width: 748px) 100vw, 748px\" \/> <img loading=\"lazy\" decoding=\"async\" class=\"alignleft wp-image-4721\" src=\"https:\/\/www.klearlaser.com\/wp-content\/uploads\/2026\/01\/klearlaser-packing.jpg\" alt=\"\" width=\"750\" height=\"489\" srcset=\"https:\/\/www.klearlaser.com\/wp-content\/uploads\/2026\/01\/klearlaser-packing.jpg 647w, https:\/\/www.klearlaser.com\/wp-content\/uploads\/2026\/01\/klearlaser-packing-300x196.jpg 300w, https:\/\/www.klearlaser.com\/wp-content\/uploads\/2026\/01\/klearlaser-packing-18x12.jpg 18w, https:\/\/www.klearlaser.com\/wp-content\/uploads\/2026\/01\/klearlaser-packing-600x391.jpg 600w\" sizes=\"(max-width: 750px) 100vw, 750px\" \/> <img loading=\"lazy\" decoding=\"async\" class=\"alignleft wp-image-4717\" src=\"https:\/\/www.klearlaser.com\/wp-content\/uploads\/2026\/01\/klearlaser-certification.jpg\" alt=\"\" width=\"749\" height=\"518\" srcset=\"https:\/\/www.klearlaser.com\/wp-content\/uploads\/2026\/01\/klearlaser-certification.jpg 729w, https:\/\/www.klearlaser.com\/wp-content\/uploads\/2026\/01\/klearlaser-certification-300x207.jpg 300w, https:\/\/www.klearlaser.com\/wp-content\/uploads\/2026\/01\/klearlaser-certification-18x12.jpg 18w, https:\/\/www.klearlaser.com\/wp-content\/uploads\/2026\/01\/klearlaser-certification-600x415.jpg 600w\" sizes=\"(max-width: 749px) 100vw, 749px\" \/> <img loading=\"lazy\" decoding=\"async\" class=\"alignleft wp-image-4710\" src=\"https:\/\/www.klearlaser.com\/wp-content\/uploads\/2026\/01\/klearlaser-advantage.jpg\" alt=\"\" width=\"738\" height=\"501\" srcset=\"https:\/\/www.klearlaser.com\/wp-content\/uploads\/2026\/01\/klearlaser-advantage.jpg 950w, https:\/\/www.klearlaser.com\/wp-content\/uploads\/2026\/01\/klearlaser-advantage-300x204.jpg 300w, https:\/\/www.klearlaser.com\/wp-content\/uploads\/2026\/01\/klearlaser-advantage-768x521.jpg 768w, https:\/\/www.klearlaser.com\/wp-content\/uploads\/2026\/01\/klearlaser-advantage-18x12.jpg 18w, https:\/\/www.klearlaser.com\/wp-content\/uploads\/2026\/01\/klearlaser-advantage-600x407.jpg 600w\" sizes=\"(max-width: 738px) 100vw, 738px\" \/><\/p>","protected":false},"excerpt":{"rendered":"<p dir=\"auto\"><strong>Descubra lo \u00faltimo en portabilidad con la m\u00e1quina de limpieza por l\u00e1ser pulsado KlearLaser Suitcase.<\/strong> Este innovador pulsador de 100W-500W <strong>m\u00e1quina de limpieza l\u00e1ser de maletas<\/strong> presenta un dise\u00f1o compacto de maleta r\u00edgida con asa y ruedas: la soluci\u00f3n ideal sin cables y lista para viajar para los profesionales que necesitan movilidad in situ. Alimentado por una fuente l\u00e1ser JPT de alta calidad, el <strong>M\u00e1quina de limpieza l\u00e1ser de maletas KlearLaser<\/strong> proporciona una limpieza sin contacto y segura para el sustrato a una longitud de onda de 1064 nm con un cable \u00f3ptico de 5 metros.<\/p>\n<ul dir=\"auto\">\n<li>Maleta r\u00edgida compacta: Duradera con asa y ruedas para facilitar su transporte.<\/li>\n<li>Funcionamiento con l\u00e1ser pulsado: Limpieza de precisi\u00f3n con anchura de pulso ajustable (10-500ns).<\/li>\n<li>Cable \u00f3ptico de 5 metros: Alcance flexible para zonas de dif\u00edcil acceso.<\/li>\n<li>Refrigeraci\u00f3n por aire: No necesita agua - ideal para trabajos en exteriores\/campo.<\/li>\n<li>8 modos de limpieza: Vers\u00e1til con 110*110mm de ancho de limpieza (opcional).<\/li>\n<li>Funcionamiento manual: Controles intuitivos, sin necesidad de formaci\u00f3n especial.<\/li>\n<li>Rango de funcionamiento: 5\u00b0C ~ 40\u00b0C, \u226480% humedad.<\/li>\n<\/ul>\n<p>&nbsp;<\/p>\n<p><a href=\"https:\/\/www.klearlaser.com\/es\/laser-cleaning-contact\/\">P\u00f3ngase en contacto con nosotros<\/a> para una prueba de muestra y un presupuesto gratuitos: Env\u00ede su material para demostraci\u00f3n - sin compromiso.<\/p>","protected":false},"featured_media":4698,"template":"","meta":[],"product_brand":[],"product_cat":[100],"product_tag":[],"class_list":{"0":"post-4666","1":"product","2":"type-product","3":"status-publish","4":"has-post-thumbnail","6":"product_cat-suitcase-series","8":"first","9":"instock","10":"shipping-taxable","11":"product-type-simple"},"_links":{"self":[{"href":"https:\/\/www.klearlaser.com\/es\/wp-json\/wp\/v2\/product\/4666","targetHints":{"allow":["GET"]}}],"collection":[{"href":"https:\/\/www.klearlaser.com\/es\/wp-json\/wp\/v2\/product"}],"about":[{"href":"https:\/\/www.klearlaser.com\/es\/wp-json\/wp\/v2\/types\/product"}],"wp:featuredmedia":[{"embeddable":true,"href":"https:\/\/www.klearlaser.com\/es\/wp-json\/wp\/v2\/media\/4698"}],"wp:attachment":[{"href":"https:\/\/www.klearlaser.com\/es\/wp-json\/wp\/v2\/media?parent=4666"}],"wp:term":[{"taxonomy":"product_brand","embeddable":true,"href":"https:\/\/www.klearlaser.com\/es\/wp-json\/wp\/v2\/product_brand?post=4666"},{"taxonomy":"product_cat","embeddable":true,"href":"https:\/\/www.klearlaser.com\/es\/wp-json\/wp\/v2\/product_cat?post=4666"},{"taxonomy":"product_tag","embeddable":true,"href":"https:\/\/www.klearlaser.com\/es\/wp-json\/wp\/v2\/product_tag?post=4666"}],"curies":[{"name":"wp","href":"https:\/\/api.w.org\/{rel}","templated":true}]}}