{"id":4741,"date":"2026-01-20T20:22:41","date_gmt":"2026-01-20T12:22:41","guid":{"rendered":"https:\/\/www.klearlaser.com\/?post_type=product&#038;p=4741"},"modified":"2026-01-24T11:42:46","modified_gmt":"2026-01-24T03:42:46","slug":"cabinet-continuous-laser-cleaning-machine","status":"publish","type":"product","link":"https:\/\/www.klearlaser.com\/es\/producto\/cabinet-continuous-laser-cleaning-machine\/","title":{"rendered":"KlearLaser Cabinet M\u00e1quina de limpieza l\u00e1ser continua - 1000W-6000W CW de alta potencia"},"content":{"rendered":"<h2 style=\"font-size: 25px;\">KlearLaser Cabinet M\u00e1quina de limpieza l\u00e1ser continua - 1000W-6000W CW de alta potencia<\/h2>\n<p dir=\"auto\"><strong>Descubra la potente limpieza industrial con la m\u00e1quina de limpieza l\u00e1ser continua KlearLaser Cabinet.<\/strong> Esta m\u00e1quina de limpieza l\u00e1ser en cabina de onda continua (CW) de alta potencia 1000W-6000W cuenta con un dise\u00f1o de cabina cerrada para un funcionamiento seguro y fiable - la soluci\u00f3n fija o semi-m\u00f3vil ideal para la preparaci\u00f3n de superficies a gran escala. Alimentada por fuentes l\u00e1ser de fibra de alta calidad a una longitud de onda de 1064 nm, elimina r\u00e1pidamente y sin contacto \u00f3xido, pintura gruesa, \u00f3xidos y revestimientos sin da\u00f1ar el sustrato ni producir contaminaci\u00f3n secundaria.<\/p>\n<p dir=\"auto\"><strong>Caracter\u00edstica:<\/strong><\/p>\n<ul dir=\"auto\">\n<li>Dise\u00f1o de armario cerrado: Carcasa robusta para seguridad, refrigeraci\u00f3n y uso industrial 24\/7.<\/li>\n<li>L\u00e1ser de onda continua: Limpieza de alta velocidad con salida estable y baja entrada de calor.<\/li>\n<li>Rango de potencia: 1000W-6000W - perfecto para tareas pesadas de gran superficie<\/li>\n<li>Amplia cobertura de limpieza: Hasta m\u00e1s de 500 mm de ancho para un procesamiento eficaz<\/li>\n<li>Opciones de refrigeraci\u00f3n por aire\/agua: Rendimiento fiable en entornos de f\u00e1brica exigentes<\/li>\n<li>Gran longitud de fibra: Alcance flexible para configuraciones fijas o m\u00f3viles<\/li>\n<li>F\u00e1cil integraci\u00f3n: Compatible con l\u00edneas de producci\u00f3n y automatizaci\u00f3n<\/li>\n<\/ul>\n<p>&nbsp;<\/p>\n<p dir=\"auto\"><strong>Aplicaciones:<\/strong><\/p>\n<ul dir=\"auto\">\n<li>Eliminaci\u00f3n de \u00f3xido y pintura a gran escala en estructuras de acero y cascos de buques<\/li>\n<li>Decapado industrial de \u00f3xidos y revestimientos en f\u00e1bricas<\/li>\n<li>Mantenimiento pesado de puentes, oleoductos y turbinas e\u00f3licas<\/li>\n<li>Preparaci\u00f3n de componentes de automoci\u00f3n y aeroespaciales<\/li>\n<li>Pretratamiento de la superficie met\u00e1lica antes del revestimiento o la soldadura<\/li>\n<li>Limpieza de l\u00edneas de producci\u00f3n de gran volumen<\/li>\n<\/ul>\n<p>&nbsp;<\/p>\n<p dir=\"auto\"><strong><a href=\"https:\/\/www.klearlaser.com\/es\/laser-cleaning-contact\/\">P\u00f3ngase en contacto con nosotros <\/a><\/strong>para prueba de muestras y presupuesto gratuitos - env\u00ede su material para demostraci\u00f3n de limpieza - sin compromiso.<\/p>\n<p dir=\"auto\"><img fetchpriority=\"high\" decoding=\"async\" class=\"alignleft size-full wp-image-4747\" src=\"https:\/\/www.klearlaser.com\/wp-content\/uploads\/2026\/01\/Cabinet-Continuous-Laser-Cleaning-Machine-1.jpg\" alt=\"\" width=\"750\" height=\"450\" srcset=\"https:\/\/www.klearlaser.com\/wp-content\/uploads\/2026\/01\/Cabinet-Continuous-Laser-Cleaning-Machine-1.jpg 750w, https:\/\/www.klearlaser.com\/wp-content\/uploads\/2026\/01\/Cabinet-Continuous-Laser-Cleaning-Machine-1-300x180.jpg 300w, https:\/\/www.klearlaser.com\/wp-content\/uploads\/2026\/01\/Cabinet-Continuous-Laser-Cleaning-Machine-1-18x12.jpg 18w, https:\/\/www.klearlaser.com\/wp-content\/uploads\/2026\/01\/Cabinet-Continuous-Laser-Cleaning-Machine-1-600x360.jpg 600w\" sizes=\"(max-width: 750px) 100vw, 750px\" \/><\/p>\n<p><iframe title=\"Reproductor de v\u00eddeo YouTube\" src=\"https:\/\/www.youtube.com\/embed\/J_BaEFtpUeI?si=J5ft6B1iPW8rGH2f\" width=\"560\" height=\"315\" frameborder=\"0\" allowfullscreen=\"allowfullscreen\"><\/iframe><\/p>\n<p><img decoding=\"async\" class=\"alignleft wp-image-4745\" src=\"https:\/\/www.klearlaser.com\/wp-content\/uploads\/2026\/01\/Cabinet-Continuous-Laser-Cleaning-Machine-main4.jpg\" alt=\"\" width=\"737\" height=\"737\" srcset=\"https:\/\/www.klearlaser.com\/wp-content\/uploads\/2026\/01\/Cabinet-Continuous-Laser-Cleaning-Machine-main4.jpg 800w, https:\/\/www.klearlaser.com\/wp-content\/uploads\/2026\/01\/Cabinet-Continuous-Laser-Cleaning-Machine-main4-300x300.jpg 300w, https:\/\/www.klearlaser.com\/wp-content\/uploads\/2026\/01\/Cabinet-Continuous-Laser-Cleaning-Machine-main4-150x150.jpg 150w, https:\/\/www.klearlaser.com\/wp-content\/uploads\/2026\/01\/Cabinet-Continuous-Laser-Cleaning-Machine-main4-768x768.jpg 768w, https:\/\/www.klearlaser.com\/wp-content\/uploads\/2026\/01\/Cabinet-Continuous-Laser-Cleaning-Machine-main4-12x12.jpg 12w, https:\/\/www.klearlaser.com\/wp-content\/uploads\/2026\/01\/Cabinet-Continuous-Laser-Cleaning-Machine-main4-600x600.jpg 600w, https:\/\/www.klearlaser.com\/wp-content\/uploads\/2026\/01\/Cabinet-Continuous-Laser-Cleaning-Machine-main4-100x100.jpg 100w\" sizes=\"(max-width: 737px) 100vw, 737px\" \/> <img decoding=\"async\" class=\"alignleft wp-image-4749\" src=\"https:\/\/www.klearlaser.com\/wp-content\/uploads\/2026\/01\/Cabinet-Continuous-Laser-Cleaning-Machine-3.jpg\" alt=\"\" width=\"739\" height=\"647\" srcset=\"https:\/\/www.klearlaser.com\/wp-content\/uploads\/2026\/01\/Cabinet-Continuous-Laser-Cleaning-Machine-3.jpg 909w, https:\/\/www.klearlaser.com\/wp-content\/uploads\/2026\/01\/Cabinet-Continuous-Laser-Cleaning-Machine-3-300x263.jpg 300w, https:\/\/www.klearlaser.com\/wp-content\/uploads\/2026\/01\/Cabinet-Continuous-Laser-Cleaning-Machine-3-768x673.jpg 768w, https:\/\/www.klearlaser.com\/wp-content\/uploads\/2026\/01\/Cabinet-Continuous-Laser-Cleaning-Machine-3-14x12.jpg 14w, https:\/\/www.klearlaser.com\/wp-content\/uploads\/2026\/01\/Cabinet-Continuous-Laser-Cleaning-Machine-3-600x525.jpg 600w\" sizes=\"(max-width: 739px) 100vw, 739px\" \/> <img loading=\"lazy\" decoding=\"async\" class=\"alignleft wp-image-4750\" src=\"https:\/\/www.klearlaser.com\/wp-content\/uploads\/2026\/01\/Cabinet-Continuous-Laser-Cleaning-Machine-4.jpg\" alt=\"\" width=\"711\" height=\"534\" srcset=\"https:\/\/www.klearlaser.com\/wp-content\/uploads\/2026\/01\/Cabinet-Continuous-Laser-Cleaning-Machine-4.jpg 750w, https:\/\/www.klearlaser.com\/wp-content\/uploads\/2026\/01\/Cabinet-Continuous-Laser-Cleaning-Machine-4-300x225.jpg 300w, https:\/\/www.klearlaser.com\/wp-content\/uploads\/2026\/01\/Cabinet-Continuous-Laser-Cleaning-Machine-4-16x12.jpg 16w, https:\/\/www.klearlaser.com\/wp-content\/uploads\/2026\/01\/Cabinet-Continuous-Laser-Cleaning-Machine-4-600x450.jpg 600w\" sizes=\"(max-width: 711px) 100vw, 711px\" \/> <img loading=\"lazy\" decoding=\"async\" class=\"alignleft wp-image-4751\" src=\"https:\/\/www.klearlaser.com\/wp-content\/uploads\/2026\/01\/Cabinet-Continuous-Laser-Cleaning-Machine-5.jpg\" alt=\"\" width=\"712\" height=\"712\" srcset=\"https:\/\/www.klearlaser.com\/wp-content\/uploads\/2026\/01\/Cabinet-Continuous-Laser-Cleaning-Machine-5.jpg 800w, https:\/\/www.klearlaser.com\/wp-content\/uploads\/2026\/01\/Cabinet-Continuous-Laser-Cleaning-Machine-5-300x300.jpg 300w, https:\/\/www.klearlaser.com\/wp-content\/uploads\/2026\/01\/Cabinet-Continuous-Laser-Cleaning-Machine-5-150x150.jpg 150w, https:\/\/www.klearlaser.com\/wp-content\/uploads\/2026\/01\/Cabinet-Continuous-Laser-Cleaning-Machine-5-768x768.jpg 768w, https:\/\/www.klearlaser.com\/wp-content\/uploads\/2026\/01\/Cabinet-Continuous-Laser-Cleaning-Machine-5-12x12.jpg 12w, https:\/\/www.klearlaser.com\/wp-content\/uploads\/2026\/01\/Cabinet-Continuous-Laser-Cleaning-Machine-5-600x600.jpg 600w, https:\/\/www.klearlaser.com\/wp-content\/uploads\/2026\/01\/Cabinet-Continuous-Laser-Cleaning-Machine-5-100x100.jpg 100w\" sizes=\"(max-width: 712px) 100vw, 712px\" \/> <img loading=\"lazy\" decoding=\"async\" class=\"alignleft wp-image-4752\" src=\"https:\/\/www.klearlaser.com\/wp-content\/uploads\/2026\/01\/Cabinet-Continuous-Laser-Cleaning-Machine-6.jpg\" alt=\"\" width=\"716\" height=\"716\" srcset=\"https:\/\/www.klearlaser.com\/wp-content\/uploads\/2026\/01\/Cabinet-Continuous-Laser-Cleaning-Machine-6.jpg 800w, https:\/\/www.klearlaser.com\/wp-content\/uploads\/2026\/01\/Cabinet-Continuous-Laser-Cleaning-Machine-6-300x300.jpg 300w, https:\/\/www.klearlaser.com\/wp-content\/uploads\/2026\/01\/Cabinet-Continuous-Laser-Cleaning-Machine-6-150x150.jpg 150w, https:\/\/www.klearlaser.com\/wp-content\/uploads\/2026\/01\/Cabinet-Continuous-Laser-Cleaning-Machine-6-768x768.jpg 768w, https:\/\/www.klearlaser.com\/wp-content\/uploads\/2026\/01\/Cabinet-Continuous-Laser-Cleaning-Machine-6-12x12.jpg 12w, https:\/\/www.klearlaser.com\/wp-content\/uploads\/2026\/01\/Cabinet-Continuous-Laser-Cleaning-Machine-6-600x600.jpg 600w, https:\/\/www.klearlaser.com\/wp-content\/uploads\/2026\/01\/Cabinet-Continuous-Laser-Cleaning-Machine-6-100x100.jpg 100w\" sizes=\"(max-width: 716px) 100vw, 716px\" \/> <img loading=\"lazy\" decoding=\"async\" class=\"alignleft wp-image-4753\" src=\"https:\/\/www.klearlaser.com\/wp-content\/uploads\/2026\/01\/Cabinet-Continuous-Laser-Cleaning-Machine-7.png\" alt=\"\" width=\"719\" height=\"844\" srcset=\"https:\/\/www.klearlaser.com\/wp-content\/uploads\/2026\/01\/Cabinet-Continuous-Laser-Cleaning-Machine-7.png 750w, https:\/\/www.klearlaser.com\/wp-content\/uploads\/2026\/01\/Cabinet-Continuous-Laser-Cleaning-Machine-7-256x300.png 256w, https:\/\/www.klearlaser.com\/wp-content\/uploads\/2026\/01\/Cabinet-Continuous-Laser-Cleaning-Machine-7-10x12.png 10w, https:\/\/www.klearlaser.com\/wp-content\/uploads\/2026\/01\/Cabinet-Continuous-Laser-Cleaning-Machine-7-600x704.png 600w\" sizes=\"(max-width: 719px) 100vw, 719px\" \/> <img loading=\"lazy\" decoding=\"async\" class=\"alignleft wp-image-4754\" src=\"https:\/\/www.klearlaser.com\/wp-content\/uploads\/2026\/01\/Cabinet-Continuous-Laser-Cleaning-Machine-8.jpg\" alt=\"\" width=\"737\" height=\"1119\" srcset=\"https:\/\/www.klearlaser.com\/wp-content\/uploads\/2026\/01\/Cabinet-Continuous-Laser-Cleaning-Machine-8.jpg 490w, https:\/\/www.klearlaser.com\/wp-content\/uploads\/2026\/01\/Cabinet-Continuous-Laser-Cleaning-Machine-8-198x300.jpg 198w, https:\/\/www.klearlaser.com\/wp-content\/uploads\/2026\/01\/Cabinet-Continuous-Laser-Cleaning-Machine-8-8x12.jpg 8w\" sizes=\"(max-width: 737px) 100vw, 737px\" \/> <img loading=\"lazy\" decoding=\"async\" class=\"alignleft wp-image-4755\" src=\"https:\/\/www.klearlaser.com\/wp-content\/uploads\/2026\/01\/Cabinet-Continuous-Laser-Cleaning-Machine-9.jpg\" alt=\"\" width=\"708\" height=\"591\" srcset=\"https:\/\/www.klearlaser.com\/wp-content\/uploads\/2026\/01\/Cabinet-Continuous-Laser-Cleaning-Machine-9.jpg 552w, https:\/\/www.klearlaser.com\/wp-content\/uploads\/2026\/01\/Cabinet-Continuous-Laser-Cleaning-Machine-9-300x251.jpg 300w, https:\/\/www.klearlaser.com\/wp-content\/uploads\/2026\/01\/Cabinet-Continuous-Laser-Cleaning-Machine-9-14x12.jpg 14w\" sizes=\"(max-width: 708px) 100vw, 708px\" \/> <img loading=\"lazy\" decoding=\"async\" class=\"alignleft wp-image-4756\" src=\"https:\/\/www.klearlaser.com\/wp-content\/uploads\/2026\/01\/Cabinet-Continuous-Laser-Cleaning-Machine-10.jpg\" alt=\"\" width=\"697\" height=\"635\" srcset=\"https:\/\/www.klearlaser.com\/wp-content\/uploads\/2026\/01\/Cabinet-Continuous-Laser-Cleaning-Machine-10.jpg 576w, https:\/\/www.klearlaser.com\/wp-content\/uploads\/2026\/01\/Cabinet-Continuous-Laser-Cleaning-Machine-10-300x273.jpg 300w, https:\/\/www.klearlaser.com\/wp-content\/uploads\/2026\/01\/Cabinet-Continuous-Laser-Cleaning-Machine-10-13x12.jpg 13w\" sizes=\"(max-width: 697px) 100vw, 697px\" \/> <img loading=\"lazy\" decoding=\"async\" class=\"alignleft wp-image-4757\" src=\"https:\/\/www.klearlaser.com\/wp-content\/uploads\/2026\/01\/Cabinet-Continuous-Laser-Cleaning-Machine-11.jpg\" alt=\"\" width=\"699\" height=\"654\" srcset=\"https:\/\/www.klearlaser.com\/wp-content\/uploads\/2026\/01\/Cabinet-Continuous-Laser-Cleaning-Machine-11.jpg 659w, https:\/\/www.klearlaser.com\/wp-content\/uploads\/2026\/01\/Cabinet-Continuous-Laser-Cleaning-Machine-11-300x281.jpg 300w, https:\/\/www.klearlaser.com\/wp-content\/uploads\/2026\/01\/Cabinet-Continuous-Laser-Cleaning-Machine-11-13x12.jpg 13w, https:\/\/www.klearlaser.com\/wp-content\/uploads\/2026\/01\/Cabinet-Continuous-Laser-Cleaning-Machine-11-600x562.jpg 600w\" sizes=\"(max-width: 699px) 100vw, 699px\" \/> <img loading=\"lazy\" decoding=\"async\" class=\"alignleft wp-image-4721\" src=\"https:\/\/www.klearlaser.com\/wp-content\/uploads\/2026\/01\/klearlaser-packing.jpg\" alt=\"\" width=\"703\" height=\"458\" srcset=\"https:\/\/www.klearlaser.com\/wp-content\/uploads\/2026\/01\/klearlaser-packing.jpg 647w, https:\/\/www.klearlaser.com\/wp-content\/uploads\/2026\/01\/klearlaser-packing-300x196.jpg 300w, https:\/\/www.klearlaser.com\/wp-content\/uploads\/2026\/01\/klearlaser-packing-18x12.jpg 18w, https:\/\/www.klearlaser.com\/wp-content\/uploads\/2026\/01\/klearlaser-packing-600x391.jpg 600w\" sizes=\"(max-width: 703px) 100vw, 703px\" \/> <img loading=\"lazy\" decoding=\"async\" class=\"alignleft size-full wp-image-4717\" src=\"https:\/\/www.klearlaser.com\/wp-content\/uploads\/2026\/01\/klearlaser-certification.jpg\" alt=\"\" width=\"729\" height=\"504\" srcset=\"https:\/\/www.klearlaser.com\/wp-content\/uploads\/2026\/01\/klearlaser-certification.jpg 729w, https:\/\/www.klearlaser.com\/wp-content\/uploads\/2026\/01\/klearlaser-certification-300x207.jpg 300w, https:\/\/www.klearlaser.com\/wp-content\/uploads\/2026\/01\/klearlaser-certification-18x12.jpg 18w, https:\/\/www.klearlaser.com\/wp-content\/uploads\/2026\/01\/klearlaser-certification-600x415.jpg 600w\" sizes=\"(max-width: 729px) 100vw, 729px\" \/> <img loading=\"lazy\" decoding=\"async\" class=\"alignleft wp-image-4710\" src=\"https:\/\/www.klearlaser.com\/wp-content\/uploads\/2026\/01\/klearlaser-advantage.jpg\" alt=\"\" width=\"739\" height=\"502\" srcset=\"https:\/\/www.klearlaser.com\/wp-content\/uploads\/2026\/01\/klearlaser-advantage.jpg 950w, https:\/\/www.klearlaser.com\/wp-content\/uploads\/2026\/01\/klearlaser-advantage-300x204.jpg 300w, https:\/\/www.klearlaser.com\/wp-content\/uploads\/2026\/01\/klearlaser-advantage-768x521.jpg 768w, https:\/\/www.klearlaser.com\/wp-content\/uploads\/2026\/01\/klearlaser-advantage-18x12.jpg 18w, https:\/\/www.klearlaser.com\/wp-content\/uploads\/2026\/01\/klearlaser-advantage-600x407.jpg 600w\" sizes=\"(max-width: 739px) 100vw, 739px\" \/><\/p>\n<p>&nbsp;<\/p>","protected":false},"excerpt":{"rendered":"<p><strong>Descubra la potente limpieza industrial con la m\u00e1quina de limpieza l\u00e1ser continua KlearLaser Cabinet.<\/strong><\/p>\n<p>Esta m\u00e1quina de limpieza l\u00e1ser de armario de onda continua (CW) de alta potencia 1000W-6000W cuenta con un armario cerrado para un funcionamiento seguro y fiable - ideal para la limpieza a gran escala fija o semi-m\u00f3vil. Gracias a su l\u00e1ser de fibra de alta calidad de 1064 nm, elimina r\u00e1pidamente y sin contacto el \u00f3xido, la pintura gruesa, los \u00f3xidos y los revestimientos sin da\u00f1ar ni contaminar el sustrato.<\/p>\n<ul>\n<li>Armario cerrado: Robusto y seguro para un uso industrial ininterrumpido<\/li>\n<li>L\u00e1ser de onda continua: Alta velocidad, salida estable con poco calor<\/li>\n<li>Rango de potencia: 1000W-6000W - para tareas pesadas de gran superficie<\/li>\n<li>Amplia cobertura: Hasta m\u00e1s de 500 mm de anchura para un procesamiento eficaz<\/li>\n<li>Refrigeraci\u00f3n por aire\/agua: fiable en entornos industriales exigentes<\/li>\n<li>Gran longitud de fibra: Alcance flexible para configuraciones fijas o m\u00f3viles<\/li>\n<li>F\u00e1cil integraci\u00f3n: Compatible con l\u00edneas de producci\u00f3n y automatizaci\u00f3n<\/li>\n<\/ul>\n<p>&nbsp;<\/p>\n<p><a href=\"https:\/\/www.klearlaser.com\/es\/laser-cleaning-contact\/\">P\u00f3ngase en contacto con<\/a> para prueba y presupuesto gratuitos - env\u00ede material para demostraci\u00f3n, sin compromiso.<\/p>","protected":false},"featured_media":4743,"template":"","meta":[],"product_brand":[],"product_cat":[101],"product_tag":[],"class_list":{"0":"post-4741","1":"product","2":"type-product","3":"status-publish","4":"has-post-thumbnail","6":"product_cat-cabinet-industrial-series","8":"first","9":"instock","10":"shipping-taxable","11":"product-type-simple"},"_links":{"self":[{"href":"https:\/\/www.klearlaser.com\/es\/wp-json\/wp\/v2\/product\/4741","targetHints":{"allow":["GET"]}}],"collection":[{"href":"https:\/\/www.klearlaser.com\/es\/wp-json\/wp\/v2\/product"}],"about":[{"href":"https:\/\/www.klearlaser.com\/es\/wp-json\/wp\/v2\/types\/product"}],"wp:featuredmedia":[{"embeddable":true,"href":"https:\/\/www.klearlaser.com\/es\/wp-json\/wp\/v2\/media\/4743"}],"wp:attachment":[{"href":"https:\/\/www.klearlaser.com\/es\/wp-json\/wp\/v2\/media?parent=4741"}],"wp:term":[{"taxonomy":"product_brand","embeddable":true,"href":"https:\/\/www.klearlaser.com\/es\/wp-json\/wp\/v2\/product_brand?post=4741"},{"taxonomy":"product_cat","embeddable":true,"href":"https:\/\/www.klearlaser.com\/es\/wp-json\/wp\/v2\/product_cat?post=4741"},{"taxonomy":"product_tag","embeddable":true,"href":"https:\/\/www.klearlaser.com\/es\/wp-json\/wp\/v2\/product_tag?post=4741"}],"curies":[{"name":"wp","href":"https:\/\/api.w.org\/{rel}","templated":true}]}}