{"id":4647,"date":"2026-01-20T08:51:35","date_gmt":"2026-01-20T00:51:35","guid":{"rendered":"https:\/\/www.klearlaser.com\/?post_type=product&#038;p=4647"},"modified":"2026-01-24T11:46:24","modified_gmt":"2026-01-24T03:46:24","slug":"backpack-laser-cleaning-machine","status":"publish","type":"product","link":"https:\/\/www.klearlaser.com\/fr\/produit\/backpack-laser-cleaning-machine\/","title":{"rendered":"KlearLaser Machine de nettoyage laser \u00e0 dos - 100W-300W Portable Puls\u00e9"},"content":{"rendered":"<h2 style=\"font-size: 25px;\">Machine de nettoyage laser \u00e0 dos KlearLaser - Ultra-l\u00e9g\u00e8re pour le nettoyage \u00e0 haute mobilit\u00e9<\/h2>\n<p dir=\"auto\"><strong>D\u00e9couvrez la portabilit\u00e9 ultime avec l'appareil de nettoyage au laser puls\u00e9 KlearLaser Backpack.<\/strong> Cet appareil \u00e0 impulsions de 100W-300W permet de r\u00e9duire les \u00e9missions de gaz \u00e0 effet de serre et d'am\u00e9liorer la qualit\u00e9 de l'air. <strong>machine de nettoyage laser \u00e0 dos<\/strong> se caract\u00e9rise par un design portable ultra-l\u00e9ger (12-18 kg) aliment\u00e9 par des sources Raycus\/JPT\/IPG de premi\u00e8re qualit\u00e9 - la solution sans fil id\u00e9ale pour le nettoyage \u00e0 grande mobilit\u00e9. Avec son sac \u00e0 dos ergonomique et son c\u00e2ble \u00e0 fibre de 1,5 m, le nettoyeur laser \u00e0 dos permet d'\u00e9liminer sans contact et en toute s\u00e9curit\u00e9 la rouille, la peinture, les oxydes et les rev\u00eatements.<\/p>\n<p dir=\"auto\"><strong>Fonctionnalit\u00e9 :<\/strong><\/p>\n<ul dir=\"auto\">\n<li>H\u00f4te de sac \u00e0 dos ultra-l\u00e9ger (12-18kg) : Bretelles ergonomiques confortables pour une utilisation prolong\u00e9e.<\/li>\n<li>Technologie laser puls\u00e9 : Nettoyage de pr\u00e9cision sans dommage thermique ni d\u00e9t\u00e9rioration du substrat.<\/li>\n<li>C\u00e2ble en fibre de 1,5 m : Une port\u00e9e flexible pour les espaces restreints.<\/li>\n<li>Refroidissement par air : Pas besoin d'eau - id\u00e9al pour les travaux en ext\u00e9rieur.<\/li>\n<li>Utilisation facile par une seule personne : Commandes intuitives, aucune formation n'est n\u00e9cessaire.<\/li>\n<li>Applications \u00e0 haute mobilit\u00e9 : Ponts, tours, int\u00e9rieurs de navires, restauration du patrimoine...<\/li>\n<\/ul>\n<p>&nbsp;<\/p>\n<p><a href=\"https:\/\/www.klearlaser.com\/fr\/laser-cleaning-contact\/\">Nous contacter<\/a> pour un essai gratuit et un devis : Envoyez votre mat\u00e9riel pour une d\u00e9monstration - sans obligation.<\/p>\n<p><img fetchpriority=\"high\" decoding=\"async\" class=\"wp-image-4709 alignleft\" src=\"https:\/\/www.klearlaser.com\/wp-content\/uploads\/2026\/01\/klearlaser-backpack-laser-cleaning-machine-1.jpg\" alt=\"\" width=\"719\" height=\"880\" srcset=\"https:\/\/www.klearlaser.com\/wp-content\/uploads\/2026\/01\/klearlaser-backpack-laser-cleaning-machine-1.jpg 708w, https:\/\/www.klearlaser.com\/wp-content\/uploads\/2026\/01\/klearlaser-backpack-laser-cleaning-machine-1-245x300.jpg 245w, https:\/\/www.klearlaser.com\/wp-content\/uploads\/2026\/01\/klearlaser-backpack-laser-cleaning-machine-1-10x12.jpg 10w, https:\/\/www.klearlaser.com\/wp-content\/uploads\/2026\/01\/klearlaser-backpack-laser-cleaning-machine-1-600x735.jpg 600w\" sizes=\"(max-width: 719px) 100vw, 719px\" \/><\/p>\n<p>&nbsp;<\/p>\n<p>&nbsp;<\/p>\n<p>&nbsp;<\/p>\n<p><iframe title=\"Lecteur vid\u00e9o YouTube\" src=\"https:\/\/www.youtube.com\/embed\/dt-EEyzqMX0?si=jOJrnhC8HSTbQZu9\" width=\"560\" height=\"315\" frameborder=\"0\" allowfullscreen=\"allowfullscreen\"><\/iframe><\/p>\n<p><img decoding=\"async\" class=\"alignleft wp-image-5020\" src=\"https:\/\/www.klearlaser.com\/wp-content\/uploads\/2026\/01\/klearlaser-backpack-laser-cleaning-machine-2-scaled.png\" alt=\"\" width=\"711\" height=\"1150\" srcset=\"https:\/\/www.klearlaser.com\/wp-content\/uploads\/2026\/01\/klearlaser-backpack-laser-cleaning-machine-2-scaled.png 1582w, https:\/\/www.klearlaser.com\/wp-content\/uploads\/2026\/01\/klearlaser-backpack-laser-cleaning-machine-2-185x300.png 185w, https:\/\/www.klearlaser.com\/wp-content\/uploads\/2026\/01\/klearlaser-backpack-laser-cleaning-machine-2-633x1024.png 633w, https:\/\/www.klearlaser.com\/wp-content\/uploads\/2026\/01\/klearlaser-backpack-laser-cleaning-machine-2-768x1243.png 768w, https:\/\/www.klearlaser.com\/wp-content\/uploads\/2026\/01\/klearlaser-backpack-laser-cleaning-machine-2-949x1536.png 949w, https:\/\/www.klearlaser.com\/wp-content\/uploads\/2026\/01\/klearlaser-backpack-laser-cleaning-machine-2-1266x2048.png 1266w, https:\/\/www.klearlaser.com\/wp-content\/uploads\/2026\/01\/klearlaser-backpack-laser-cleaning-machine-2-7x12.png 7w, https:\/\/www.klearlaser.com\/wp-content\/uploads\/2026\/01\/klearlaser-backpack-laser-cleaning-machine-2-600x971.png 600w\" sizes=\"(max-width: 711px) 100vw, 711px\" \/> <img decoding=\"async\" class=\"alignleft wp-image-5021\" src=\"https:\/\/www.klearlaser.com\/wp-content\/uploads\/2026\/01\/klearlaser-specification-1.jpg\" alt=\"\" width=\"713\" height=\"1540\" srcset=\"https:\/\/www.klearlaser.com\/wp-content\/uploads\/2026\/01\/klearlaser-specification-1.jpg 1000w, https:\/\/www.klearlaser.com\/wp-content\/uploads\/2026\/01\/klearlaser-specification-1-139x300.jpg 139w, https:\/\/www.klearlaser.com\/wp-content\/uploads\/2026\/01\/klearlaser-specification-1-474x1024.jpg 474w, https:\/\/www.klearlaser.com\/wp-content\/uploads\/2026\/01\/klearlaser-specification-1-768x1659.jpg 768w, https:\/\/www.klearlaser.com\/wp-content\/uploads\/2026\/01\/klearlaser-specification-1-711x1536.jpg 711w, https:\/\/www.klearlaser.com\/wp-content\/uploads\/2026\/01\/klearlaser-specification-1-948x2048.jpg 948w, https:\/\/www.klearlaser.com\/wp-content\/uploads\/2026\/01\/klearlaser-specification-1-6x12.jpg 6w, https:\/\/www.klearlaser.com\/wp-content\/uploads\/2026\/01\/klearlaser-specification-1-600x1296.jpg 600w\" sizes=\"(max-width: 713px) 100vw, 713px\" \/><\/p>\n<p>&nbsp;<\/p>\n<p><img loading=\"lazy\" decoding=\"async\" class=\"alignleft wp-image-4712\" src=\"https:\/\/www.klearlaser.com\/wp-content\/uploads\/2026\/01\/klearlaser-backpack-laser-cleaning-machine-3.jpg\" alt=\"\" width=\"708\" height=\"708\" srcset=\"https:\/\/www.klearlaser.com\/wp-content\/uploads\/2026\/01\/klearlaser-backpack-laser-cleaning-machine-3.jpg 927w, https:\/\/www.klearlaser.com\/wp-content\/uploads\/2026\/01\/klearlaser-backpack-laser-cleaning-machine-3-300x300.jpg 300w, https:\/\/www.klearlaser.com\/wp-content\/uploads\/2026\/01\/klearlaser-backpack-laser-cleaning-machine-3-150x150.jpg 150w, https:\/\/www.klearlaser.com\/wp-content\/uploads\/2026\/01\/klearlaser-backpack-laser-cleaning-machine-3-768x768.jpg 768w, https:\/\/www.klearlaser.com\/wp-content\/uploads\/2026\/01\/klearlaser-backpack-laser-cleaning-machine-3-12x12.jpg 12w, https:\/\/www.klearlaser.com\/wp-content\/uploads\/2026\/01\/klearlaser-backpack-laser-cleaning-machine-3-600x600.jpg 600w, https:\/\/www.klearlaser.com\/wp-content\/uploads\/2026\/01\/klearlaser-backpack-laser-cleaning-machine-3-100x100.jpg 100w\" sizes=\"(max-width: 708px) 100vw, 708px\" \/> <img loading=\"lazy\" decoding=\"async\" class=\"alignleft wp-image-4713\" src=\"https:\/\/www.klearlaser.com\/wp-content\/uploads\/2026\/01\/klearlaser-backpack-laser-cleaning-machine-4.jpg\" alt=\"\" width=\"706\" height=\"706\" srcset=\"https:\/\/www.klearlaser.com\/wp-content\/uploads\/2026\/01\/klearlaser-backpack-laser-cleaning-machine-4.jpg 860w, https:\/\/www.klearlaser.com\/wp-content\/uploads\/2026\/01\/klearlaser-backpack-laser-cleaning-machine-4-300x300.jpg 300w, https:\/\/www.klearlaser.com\/wp-content\/uploads\/2026\/01\/klearlaser-backpack-laser-cleaning-machine-4-150x150.jpg 150w, https:\/\/www.klearlaser.com\/wp-content\/uploads\/2026\/01\/klearlaser-backpack-laser-cleaning-machine-4-768x768.jpg 768w, https:\/\/www.klearlaser.com\/wp-content\/uploads\/2026\/01\/klearlaser-backpack-laser-cleaning-machine-4-12x12.jpg 12w, https:\/\/www.klearlaser.com\/wp-content\/uploads\/2026\/01\/klearlaser-backpack-laser-cleaning-machine-4-600x600.jpg 600w, https:\/\/www.klearlaser.com\/wp-content\/uploads\/2026\/01\/klearlaser-backpack-laser-cleaning-machine-4-100x100.jpg 100w\" sizes=\"(max-width: 706px) 100vw, 706px\" \/> <img loading=\"lazy\" decoding=\"async\" class=\"alignleft wp-image-4714\" src=\"https:\/\/www.klearlaser.com\/wp-content\/uploads\/2026\/01\/klearlaser-backpack-laser-cleaning-machine-5.jpg\" alt=\"\" width=\"706\" height=\"706\" srcset=\"https:\/\/www.klearlaser.com\/wp-content\/uploads\/2026\/01\/klearlaser-backpack-laser-cleaning-machine-5.jpg 814w, https:\/\/www.klearlaser.com\/wp-content\/uploads\/2026\/01\/klearlaser-backpack-laser-cleaning-machine-5-300x300.jpg 300w, https:\/\/www.klearlaser.com\/wp-content\/uploads\/2026\/01\/klearlaser-backpack-laser-cleaning-machine-5-150x150.jpg 150w, https:\/\/www.klearlaser.com\/wp-content\/uploads\/2026\/01\/klearlaser-backpack-laser-cleaning-machine-5-768x768.jpg 768w, https:\/\/www.klearlaser.com\/wp-content\/uploads\/2026\/01\/klearlaser-backpack-laser-cleaning-machine-5-12x12.jpg 12w, https:\/\/www.klearlaser.com\/wp-content\/uploads\/2026\/01\/klearlaser-backpack-laser-cleaning-machine-5-600x600.jpg 600w, https:\/\/www.klearlaser.com\/wp-content\/uploads\/2026\/01\/klearlaser-backpack-laser-cleaning-machine-5-100x100.jpg 100w\" sizes=\"(max-width: 706px) 100vw, 706px\" \/> <img loading=\"lazy\" decoding=\"async\" class=\"alignleft wp-image-4715\" src=\"https:\/\/www.klearlaser.com\/wp-content\/uploads\/2026\/01\/klearlaser-backpack-laser-cleaning-machine-6.jpg\" alt=\"\" width=\"707\" height=\"707\" srcset=\"https:\/\/www.klearlaser.com\/wp-content\/uploads\/2026\/01\/klearlaser-backpack-laser-cleaning-machine-6.jpg 752w, https:\/\/www.klearlaser.com\/wp-content\/uploads\/2026\/01\/klearlaser-backpack-laser-cleaning-machine-6-300x300.jpg 300w, https:\/\/www.klearlaser.com\/wp-content\/uploads\/2026\/01\/klearlaser-backpack-laser-cleaning-machine-6-150x150.jpg 150w, https:\/\/www.klearlaser.com\/wp-content\/uploads\/2026\/01\/klearlaser-backpack-laser-cleaning-machine-6-12x12.jpg 12w, https:\/\/www.klearlaser.com\/wp-content\/uploads\/2026\/01\/klearlaser-backpack-laser-cleaning-machine-6-600x600.jpg 600w, https:\/\/www.klearlaser.com\/wp-content\/uploads\/2026\/01\/klearlaser-backpack-laser-cleaning-machine-6-100x100.jpg 100w\" sizes=\"(max-width: 707px) 100vw, 707px\" \/> <img loading=\"lazy\" decoding=\"async\" class=\"alignleft wp-image-4716\" src=\"https:\/\/www.klearlaser.com\/wp-content\/uploads\/2026\/01\/klearlaser-backpack-laser-cleaning-machine-7.jpg\" alt=\"\" width=\"708\" height=\"708\" srcset=\"https:\/\/www.klearlaser.com\/wp-content\/uploads\/2026\/01\/klearlaser-backpack-laser-cleaning-machine-7.jpg 666w, https:\/\/www.klearlaser.com\/wp-content\/uploads\/2026\/01\/klearlaser-backpack-laser-cleaning-machine-7-300x300.jpg 300w, https:\/\/www.klearlaser.com\/wp-content\/uploads\/2026\/01\/klearlaser-backpack-laser-cleaning-machine-7-150x150.jpg 150w, https:\/\/www.klearlaser.com\/wp-content\/uploads\/2026\/01\/klearlaser-backpack-laser-cleaning-machine-7-12x12.jpg 12w, https:\/\/www.klearlaser.com\/wp-content\/uploads\/2026\/01\/klearlaser-backpack-laser-cleaning-machine-7-600x600.jpg 600w, https:\/\/www.klearlaser.com\/wp-content\/uploads\/2026\/01\/klearlaser-backpack-laser-cleaning-machine-7-100x100.jpg 100w\" sizes=\"(max-width: 708px) 100vw, 708px\" \/> <img loading=\"lazy\" decoding=\"async\" class=\"alignleft wp-image-4719\" src=\"https:\/\/www.klearlaser.com\/wp-content\/uploads\/2026\/01\/klearlaser-laser-cleaning-machine-application.jpg\" alt=\"\" width=\"705\" height=\"604\" srcset=\"https:\/\/www.klearlaser.com\/wp-content\/uploads\/2026\/01\/klearlaser-laser-cleaning-machine-application.jpg 654w, https:\/\/www.klearlaser.com\/wp-content\/uploads\/2026\/01\/klearlaser-laser-cleaning-machine-application-300x257.jpg 300w, https:\/\/www.klearlaser.com\/wp-content\/uploads\/2026\/01\/klearlaser-laser-cleaning-machine-application-14x12.jpg 14w, https:\/\/www.klearlaser.com\/wp-content\/uploads\/2026\/01\/klearlaser-laser-cleaning-machine-application-600x514.jpg 600w\" sizes=\"(max-width: 705px) 100vw, 705px\" \/> <img loading=\"lazy\" decoding=\"async\" class=\"alignleft wp-image-4720\" src=\"https:\/\/www.klearlaser.com\/wp-content\/uploads\/2026\/01\/klearlaser-laser-cleaning-machine-sample.jpg\" alt=\"\" width=\"704\" height=\"853\" srcset=\"https:\/\/www.klearlaser.com\/wp-content\/uploads\/2026\/01\/klearlaser-laser-cleaning-machine-sample.jpg 664w, https:\/\/www.klearlaser.com\/wp-content\/uploads\/2026\/01\/klearlaser-laser-cleaning-machine-sample-248x300.jpg 248w, https:\/\/www.klearlaser.com\/wp-content\/uploads\/2026\/01\/klearlaser-laser-cleaning-machine-sample-10x12.jpg 10w, https:\/\/www.klearlaser.com\/wp-content\/uploads\/2026\/01\/klearlaser-laser-cleaning-machine-sample-600x727.jpg 600w\" sizes=\"(max-width: 704px) 100vw, 704px\" \/> <img loading=\"lazy\" decoding=\"async\" class=\"alignleft wp-image-4718\" src=\"https:\/\/www.klearlaser.com\/wp-content\/uploads\/2026\/01\/klearlaser-Laser-Cleaning-Before-After.jpg\" alt=\"\" width=\"705\" height=\"881\" srcset=\"https:\/\/www.klearlaser.com\/wp-content\/uploads\/2026\/01\/klearlaser-Laser-Cleaning-Before-After.jpg 584w, https:\/\/www.klearlaser.com\/wp-content\/uploads\/2026\/01\/klearlaser-Laser-Cleaning-Before-After-240x300.jpg 240w, https:\/\/www.klearlaser.com\/wp-content\/uploads\/2026\/01\/klearlaser-Laser-Cleaning-Before-After-10x12.jpg 10w\" sizes=\"(max-width: 705px) 100vw, 705px\" \/> <img loading=\"lazy\" decoding=\"async\" class=\"alignleft wp-image-4721\" src=\"https:\/\/www.klearlaser.com\/wp-content\/uploads\/2026\/01\/klearlaser-packing.jpg\" alt=\"\" width=\"698\" height=\"455\" srcset=\"https:\/\/www.klearlaser.com\/wp-content\/uploads\/2026\/01\/klearlaser-packing.jpg 647w, https:\/\/www.klearlaser.com\/wp-content\/uploads\/2026\/01\/klearlaser-packing-300x196.jpg 300w, https:\/\/www.klearlaser.com\/wp-content\/uploads\/2026\/01\/klearlaser-packing-18x12.jpg 18w, https:\/\/www.klearlaser.com\/wp-content\/uploads\/2026\/01\/klearlaser-packing-600x391.jpg 600w\" sizes=\"(max-width: 698px) 100vw, 698px\" \/> <img loading=\"lazy\" decoding=\"async\" class=\"alignleft wp-image-4717\" src=\"https:\/\/www.klearlaser.com\/wp-content\/uploads\/2026\/01\/klearlaser-certification.jpg\" alt=\"\" width=\"705\" height=\"487\" srcset=\"https:\/\/www.klearlaser.com\/wp-content\/uploads\/2026\/01\/klearlaser-certification.jpg 729w, https:\/\/www.klearlaser.com\/wp-content\/uploads\/2026\/01\/klearlaser-certification-300x207.jpg 300w, https:\/\/www.klearlaser.com\/wp-content\/uploads\/2026\/01\/klearlaser-certification-18x12.jpg 18w, https:\/\/www.klearlaser.com\/wp-content\/uploads\/2026\/01\/klearlaser-certification-600x415.jpg 600w\" sizes=\"(max-width: 705px) 100vw, 705px\" \/> <img loading=\"lazy\" decoding=\"async\" class=\"alignleft wp-image-4710\" src=\"https:\/\/www.klearlaser.com\/wp-content\/uploads\/2026\/01\/klearlaser-advantage.jpg\" alt=\"\" width=\"709\" height=\"481\" srcset=\"https:\/\/www.klearlaser.com\/wp-content\/uploads\/2026\/01\/klearlaser-advantage.jpg 950w, https:\/\/www.klearlaser.com\/wp-content\/uploads\/2026\/01\/klearlaser-advantage-300x204.jpg 300w, https:\/\/www.klearlaser.com\/wp-content\/uploads\/2026\/01\/klearlaser-advantage-768x521.jpg 768w, https:\/\/www.klearlaser.com\/wp-content\/uploads\/2026\/01\/klearlaser-advantage-18x12.jpg 18w, https:\/\/www.klearlaser.com\/wp-content\/uploads\/2026\/01\/klearlaser-advantage-600x407.jpg 600w\" sizes=\"(max-width: 709px) 100vw, 709px\" \/><\/p>\n<p>&nbsp;<\/p>\n<p>&nbsp;<\/p>\n<p>&nbsp;<\/p>\n<p>&nbsp;<\/p>\n<p dir=\"auto\">","protected":false},"excerpt":{"rendered":"<p dir=\"auto\"><strong>D\u00e9couvrez le summum de la portabilit\u00e9 et de la pr\u00e9cision avec la machine de nettoyage laser \u00e0 dos KlearLaser.<\/strong> Cet appareil innovant de 100W-300W puls\u00e9 <strong>machine de nettoyage laser \u00e0 dos<\/strong> \u00e9limine les limites de l'\u00e9quipement lourd traditionnel et pr\u00e9sente un design portable l\u00e9ger aliment\u00e9 par des sources Raycus\/JPT\/IPG de premi\u00e8re qualit\u00e9, ce qui en fait la solution de nettoyage sans fil et \u00e0 grande mobilit\u00e9 id\u00e9ale pour les professionnels qui se d\u00e9placent. Avec son sac \u00e0 dos ergonomique et sa port\u00e9e de 1,5 m, l'appareil est id\u00e9al pour les professionnels en d\u00e9placement. <strong>Machine de nettoyage laser \u00e0 dos KlearLaser<\/strong> permet un nettoyage sans contact et sans risque pour le substrat, ce qui favorise un travail plus efficace sur site tout en offrant une libert\u00e9 in\u00e9gal\u00e9e pour les applications en haute altitude, \u00e0 l'ext\u00e9rieur et dans les espaces confin\u00e9s.<\/p>\n<ul dir=\"auto\">\n<li>H\u00f4te de sac \u00e0 dos ultra-l\u00e9ger (12-18kg) : Confortable pour une utilisation prolong\u00e9e.<\/li>\n<li>Technologie laser puls\u00e9 : Nettoyage de pr\u00e9cision sans dommage thermique ni d\u00e9t\u00e9rioration du substrat.<\/li>\n<li>C\u00e2ble en fibre de 1,5 m : Port\u00e9e suffisante pour la plupart des t\u00e2ches sur site.<\/li>\n<li>Refroidissement par air : Pas besoin d'eau - parfait pour le travail \u00e0 l'ext\u00e9rieur ou sur le terrain.<\/li>\n<li>Facilit\u00e9 d'utilisation : Aucune formation particuli\u00e8re n'est requise, id\u00e9al pour les \u00e9quipes mobiles.<\/li>\n<li>Applications \u00e0 haute mobilit\u00e9 : Ponts, tours, int\u00e9rieurs de navires, restauration du patrimoine.<\/li>\n<\/ul>\n<p>&nbsp;<\/p>\n<p><a href=\"https:\/\/www.klearlaser.com\/fr\/laser-cleaning-contact\/\">Nous contacter<\/a> pour un test d'\u00e9chantillon et un devis gratuits : Envoyez votre mat\u00e9riel pour une d\u00e9monstration de nettoyage - sans obligation.<\/p>","protected":false},"featured_media":4723,"template":"","meta":[],"product_brand":[],"product_cat":[98],"product_tag":[],"class_list":{"0":"post-4647","1":"product","2":"type-product","3":"status-publish","4":"has-post-thumbnail","6":"product_cat-backpack-series","8":"first","9":"instock","10":"shipping-taxable","11":"product-type-simple"},"_links":{"self":[{"href":"https:\/\/www.klearlaser.com\/fr\/wp-json\/wp\/v2\/product\/4647","targetHints":{"allow":["GET"]}}],"collection":[{"href":"https:\/\/www.klearlaser.com\/fr\/wp-json\/wp\/v2\/product"}],"about":[{"href":"https:\/\/www.klearlaser.com\/fr\/wp-json\/wp\/v2\/types\/product"}],"wp:featuredmedia":[{"embeddable":true,"href":"https:\/\/www.klearlaser.com\/fr\/wp-json\/wp\/v2\/media\/4723"}],"wp:attachment":[{"href":"https:\/\/www.klearlaser.com\/fr\/wp-json\/wp\/v2\/media?parent=4647"}],"wp:term":[{"taxonomy":"product_brand","embeddable":true,"href":"https:\/\/www.klearlaser.com\/fr\/wp-json\/wp\/v2\/product_brand?post=4647"},{"taxonomy":"product_cat","embeddable":true,"href":"https:\/\/www.klearlaser.com\/fr\/wp-json\/wp\/v2\/product_cat?post=4647"},{"taxonomy":"product_tag","embeddable":true,"href":"https:\/\/www.klearlaser.com\/fr\/wp-json\/wp\/v2\/product_tag?post=4647"}],"curies":[{"name":"wp","href":"https:\/\/api.w.org\/{rel}","templated":true}]}}