{"id":4647,"date":"2026-01-20T08:51:35","date_gmt":"2026-01-20T00:51:35","guid":{"rendered":"https:\/\/www.klearlaser.com\/?post_type=product&#038;p=4647"},"modified":"2026-01-24T11:46:24","modified_gmt":"2026-01-24T03:46:24","slug":"backpack-laser-cleaning-machine","status":"publish","type":"product","link":"https:\/\/www.klearlaser.com\/pl\/produkt\/backpack-laser-cleaning-machine\/","title":{"rendered":"Plecakowa laserowa maszyna czyszcz\u0105ca KlearLaser - przeno\u015bna impulsowa 100W-300W"},"content":{"rendered":"<h2 style=\"font-size: 25px;\">Plecakowa laserowa maszyna czyszcz\u0105ca KlearLaser - ultralekka do czyszczenia o wysokiej mobilno\u015bci<\/h2>\n<p dir=\"auto\"><strong>Plecakowa laserowa maszyna czyszcz\u0105ca KlearLaser zapewnia maksymaln\u0105 mobilno\u015b\u0107.<\/strong> Ten pulsacyjny <strong>plecakowa laserowa maszyna czyszcz\u0105ca<\/strong> charakteryzuje si\u0119 ultralekk\u0105 konstrukcj\u0105 do noszenia (12-18 kg) zasilan\u0105 przez wysokiej jako\u015bci \u017ar\u00f3d\u0142a Raycus\/JPT\/IPG - idealne rozwi\u0105zanie do czyszczenia bez u\u017cycia kabli. Dzi\u0119ki ergonomicznemu uchwytowi plecakowemu i 1,5-metrowemu kablowi \u015bwiat\u0142owodowemu, laserowy oczyszczacz plecakowy zapewnia bezdotykowe, bezpieczne dla pod\u0142o\u017ca usuwanie rdzy, farby, tlenk\u00f3w i pow\u0142ok.<\/p>\n<p dir=\"auto\"><strong>Funkcja:<\/strong><\/p>\n<ul dir=\"auto\">\n<li>Ultralekki plecak-nosid\u0142o (12-18 kg): Wygodne ergonomiczne paski do d\u0142ugotrwa\u0142ego u\u017cytkowania.<\/li>\n<li>Technologia lasera impulsowego: Precyzyjne czyszczenie bez uszkodze\u0144 termicznych lub uszkodze\u0144 pod\u0142o\u017ca.<\/li>\n<li>Kabel \u015bwiat\u0142owodowy 1,5 m: Elastyczny zasi\u0119g w ciasnych przestrzeniach.<\/li>\n<li>Konstrukcja ch\u0142odzona powietrzem: Nie wymaga wody - idealna do pracy na zewn\u0105trz.<\/li>\n<li>\u0141atwa obs\u0142uga przez jedn\u0105 osob\u0119: Intuicyjne sterowanie, nie wymaga szkolenia.<\/li>\n<li>Aplikacje o wysokiej mobilno\u015bci: Mosty, wie\u017ce, wn\u0119trza statk\u00f3w, renowacja zabytk\u00f3w...<\/li>\n<\/ul>\n<p>&nbsp;<\/p>\n<p><a href=\"https:\/\/www.klearlaser.com\/pl\/laser-cleaning-contact\/\">Kontakt<\/a> aby otrzyma\u0107 bezp\u0142atn\u0105 pr\u00f3bk\u0119 i wycen\u0119: Wy\u015blij sw\u00f3j materia\u0142 do demonstracji - bez zobowi\u0105za\u0144.<\/p>\n<p><img fetchpriority=\"high\" decoding=\"async\" class=\"wp-image-4709 alignleft\" src=\"https:\/\/www.klearlaser.com\/wp-content\/uploads\/2026\/01\/klearlaser-backpack-laser-cleaning-machine-1.jpg\" alt=\"\" width=\"719\" height=\"880\" srcset=\"https:\/\/www.klearlaser.com\/wp-content\/uploads\/2026\/01\/klearlaser-backpack-laser-cleaning-machine-1.jpg 708w, https:\/\/www.klearlaser.com\/wp-content\/uploads\/2026\/01\/klearlaser-backpack-laser-cleaning-machine-1-245x300.jpg 245w, https:\/\/www.klearlaser.com\/wp-content\/uploads\/2026\/01\/klearlaser-backpack-laser-cleaning-machine-1-10x12.jpg 10w, https:\/\/www.klearlaser.com\/wp-content\/uploads\/2026\/01\/klearlaser-backpack-laser-cleaning-machine-1-600x735.jpg 600w\" sizes=\"(max-width: 719px) 100vw, 719px\" \/><\/p>\n<p>&nbsp;<\/p>\n<p>&nbsp;<\/p>\n<p>&nbsp;<\/p>\n<p><iframe title=\"Odtwarzacz wideo YouTube\" src=\"https:\/\/www.youtube.com\/embed\/dt-EEyzqMX0?si=jOJrnhC8HSTbQZu9\" width=\"560\" height=\"315\" frameborder=\"0\" allowfullscreen=\"allowfullscreen\"><\/iframe><\/p>\n<p><img decoding=\"async\" class=\"alignleft wp-image-5020\" src=\"https:\/\/www.klearlaser.com\/wp-content\/uploads\/2026\/01\/klearlaser-backpack-laser-cleaning-machine-2-scaled.png\" alt=\"\" width=\"711\" height=\"1150\" srcset=\"https:\/\/www.klearlaser.com\/wp-content\/uploads\/2026\/01\/klearlaser-backpack-laser-cleaning-machine-2-scaled.png 1582w, https:\/\/www.klearlaser.com\/wp-content\/uploads\/2026\/01\/klearlaser-backpack-laser-cleaning-machine-2-185x300.png 185w, https:\/\/www.klearlaser.com\/wp-content\/uploads\/2026\/01\/klearlaser-backpack-laser-cleaning-machine-2-633x1024.png 633w, https:\/\/www.klearlaser.com\/wp-content\/uploads\/2026\/01\/klearlaser-backpack-laser-cleaning-machine-2-768x1243.png 768w, https:\/\/www.klearlaser.com\/wp-content\/uploads\/2026\/01\/klearlaser-backpack-laser-cleaning-machine-2-949x1536.png 949w, https:\/\/www.klearlaser.com\/wp-content\/uploads\/2026\/01\/klearlaser-backpack-laser-cleaning-machine-2-1266x2048.png 1266w, https:\/\/www.klearlaser.com\/wp-content\/uploads\/2026\/01\/klearlaser-backpack-laser-cleaning-machine-2-7x12.png 7w, https:\/\/www.klearlaser.com\/wp-content\/uploads\/2026\/01\/klearlaser-backpack-laser-cleaning-machine-2-600x971.png 600w\" sizes=\"(max-width: 711px) 100vw, 711px\" \/> <img decoding=\"async\" class=\"alignleft wp-image-5021\" src=\"https:\/\/www.klearlaser.com\/wp-content\/uploads\/2026\/01\/klearlaser-specification-1.jpg\" alt=\"\" width=\"713\" height=\"1540\" srcset=\"https:\/\/www.klearlaser.com\/wp-content\/uploads\/2026\/01\/klearlaser-specification-1.jpg 1000w, https:\/\/www.klearlaser.com\/wp-content\/uploads\/2026\/01\/klearlaser-specification-1-139x300.jpg 139w, https:\/\/www.klearlaser.com\/wp-content\/uploads\/2026\/01\/klearlaser-specification-1-474x1024.jpg 474w, https:\/\/www.klearlaser.com\/wp-content\/uploads\/2026\/01\/klearlaser-specification-1-768x1659.jpg 768w, https:\/\/www.klearlaser.com\/wp-content\/uploads\/2026\/01\/klearlaser-specification-1-711x1536.jpg 711w, https:\/\/www.klearlaser.com\/wp-content\/uploads\/2026\/01\/klearlaser-specification-1-948x2048.jpg 948w, https:\/\/www.klearlaser.com\/wp-content\/uploads\/2026\/01\/klearlaser-specification-1-6x12.jpg 6w, https:\/\/www.klearlaser.com\/wp-content\/uploads\/2026\/01\/klearlaser-specification-1-600x1296.jpg 600w\" sizes=\"(max-width: 713px) 100vw, 713px\" \/><\/p>\n<p>&nbsp;<\/p>\n<p><img loading=\"lazy\" decoding=\"async\" class=\"alignleft wp-image-4712\" src=\"https:\/\/www.klearlaser.com\/wp-content\/uploads\/2026\/01\/klearlaser-backpack-laser-cleaning-machine-3.jpg\" alt=\"\" width=\"708\" height=\"708\" srcset=\"https:\/\/www.klearlaser.com\/wp-content\/uploads\/2026\/01\/klearlaser-backpack-laser-cleaning-machine-3.jpg 927w, https:\/\/www.klearlaser.com\/wp-content\/uploads\/2026\/01\/klearlaser-backpack-laser-cleaning-machine-3-300x300.jpg 300w, https:\/\/www.klearlaser.com\/wp-content\/uploads\/2026\/01\/klearlaser-backpack-laser-cleaning-machine-3-150x150.jpg 150w, https:\/\/www.klearlaser.com\/wp-content\/uploads\/2026\/01\/klearlaser-backpack-laser-cleaning-machine-3-768x768.jpg 768w, https:\/\/www.klearlaser.com\/wp-content\/uploads\/2026\/01\/klearlaser-backpack-laser-cleaning-machine-3-12x12.jpg 12w, https:\/\/www.klearlaser.com\/wp-content\/uploads\/2026\/01\/klearlaser-backpack-laser-cleaning-machine-3-600x600.jpg 600w, https:\/\/www.klearlaser.com\/wp-content\/uploads\/2026\/01\/klearlaser-backpack-laser-cleaning-machine-3-100x100.jpg 100w\" sizes=\"(max-width: 708px) 100vw, 708px\" \/> <img loading=\"lazy\" decoding=\"async\" class=\"alignleft wp-image-4713\" src=\"https:\/\/www.klearlaser.com\/wp-content\/uploads\/2026\/01\/klearlaser-backpack-laser-cleaning-machine-4.jpg\" alt=\"\" width=\"706\" height=\"706\" srcset=\"https:\/\/www.klearlaser.com\/wp-content\/uploads\/2026\/01\/klearlaser-backpack-laser-cleaning-machine-4.jpg 860w, https:\/\/www.klearlaser.com\/wp-content\/uploads\/2026\/01\/klearlaser-backpack-laser-cleaning-machine-4-300x300.jpg 300w, https:\/\/www.klearlaser.com\/wp-content\/uploads\/2026\/01\/klearlaser-backpack-laser-cleaning-machine-4-150x150.jpg 150w, https:\/\/www.klearlaser.com\/wp-content\/uploads\/2026\/01\/klearlaser-backpack-laser-cleaning-machine-4-768x768.jpg 768w, https:\/\/www.klearlaser.com\/wp-content\/uploads\/2026\/01\/klearlaser-backpack-laser-cleaning-machine-4-12x12.jpg 12w, https:\/\/www.klearlaser.com\/wp-content\/uploads\/2026\/01\/klearlaser-backpack-laser-cleaning-machine-4-600x600.jpg 600w, https:\/\/www.klearlaser.com\/wp-content\/uploads\/2026\/01\/klearlaser-backpack-laser-cleaning-machine-4-100x100.jpg 100w\" sizes=\"(max-width: 706px) 100vw, 706px\" \/> <img loading=\"lazy\" decoding=\"async\" class=\"alignleft wp-image-4714\" src=\"https:\/\/www.klearlaser.com\/wp-content\/uploads\/2026\/01\/klearlaser-backpack-laser-cleaning-machine-5.jpg\" alt=\"\" width=\"706\" height=\"706\" srcset=\"https:\/\/www.klearlaser.com\/wp-content\/uploads\/2026\/01\/klearlaser-backpack-laser-cleaning-machine-5.jpg 814w, https:\/\/www.klearlaser.com\/wp-content\/uploads\/2026\/01\/klearlaser-backpack-laser-cleaning-machine-5-300x300.jpg 300w, https:\/\/www.klearlaser.com\/wp-content\/uploads\/2026\/01\/klearlaser-backpack-laser-cleaning-machine-5-150x150.jpg 150w, https:\/\/www.klearlaser.com\/wp-content\/uploads\/2026\/01\/klearlaser-backpack-laser-cleaning-machine-5-768x768.jpg 768w, https:\/\/www.klearlaser.com\/wp-content\/uploads\/2026\/01\/klearlaser-backpack-laser-cleaning-machine-5-12x12.jpg 12w, https:\/\/www.klearlaser.com\/wp-content\/uploads\/2026\/01\/klearlaser-backpack-laser-cleaning-machine-5-600x600.jpg 600w, https:\/\/www.klearlaser.com\/wp-content\/uploads\/2026\/01\/klearlaser-backpack-laser-cleaning-machine-5-100x100.jpg 100w\" sizes=\"(max-width: 706px) 100vw, 706px\" \/> <img loading=\"lazy\" decoding=\"async\" class=\"alignleft wp-image-4715\" src=\"https:\/\/www.klearlaser.com\/wp-content\/uploads\/2026\/01\/klearlaser-backpack-laser-cleaning-machine-6.jpg\" alt=\"\" width=\"707\" height=\"707\" srcset=\"https:\/\/www.klearlaser.com\/wp-content\/uploads\/2026\/01\/klearlaser-backpack-laser-cleaning-machine-6.jpg 752w, https:\/\/www.klearlaser.com\/wp-content\/uploads\/2026\/01\/klearlaser-backpack-laser-cleaning-machine-6-300x300.jpg 300w, https:\/\/www.klearlaser.com\/wp-content\/uploads\/2026\/01\/klearlaser-backpack-laser-cleaning-machine-6-150x150.jpg 150w, https:\/\/www.klearlaser.com\/wp-content\/uploads\/2026\/01\/klearlaser-backpack-laser-cleaning-machine-6-12x12.jpg 12w, https:\/\/www.klearlaser.com\/wp-content\/uploads\/2026\/01\/klearlaser-backpack-laser-cleaning-machine-6-600x600.jpg 600w, https:\/\/www.klearlaser.com\/wp-content\/uploads\/2026\/01\/klearlaser-backpack-laser-cleaning-machine-6-100x100.jpg 100w\" sizes=\"(max-width: 707px) 100vw, 707px\" \/> <img loading=\"lazy\" decoding=\"async\" class=\"alignleft wp-image-4716\" src=\"https:\/\/www.klearlaser.com\/wp-content\/uploads\/2026\/01\/klearlaser-backpack-laser-cleaning-machine-7.jpg\" alt=\"\" width=\"708\" height=\"708\" srcset=\"https:\/\/www.klearlaser.com\/wp-content\/uploads\/2026\/01\/klearlaser-backpack-laser-cleaning-machine-7.jpg 666w, https:\/\/www.klearlaser.com\/wp-content\/uploads\/2026\/01\/klearlaser-backpack-laser-cleaning-machine-7-300x300.jpg 300w, https:\/\/www.klearlaser.com\/wp-content\/uploads\/2026\/01\/klearlaser-backpack-laser-cleaning-machine-7-150x150.jpg 150w, https:\/\/www.klearlaser.com\/wp-content\/uploads\/2026\/01\/klearlaser-backpack-laser-cleaning-machine-7-12x12.jpg 12w, https:\/\/www.klearlaser.com\/wp-content\/uploads\/2026\/01\/klearlaser-backpack-laser-cleaning-machine-7-600x600.jpg 600w, https:\/\/www.klearlaser.com\/wp-content\/uploads\/2026\/01\/klearlaser-backpack-laser-cleaning-machine-7-100x100.jpg 100w\" sizes=\"(max-width: 708px) 100vw, 708px\" \/> <img loading=\"lazy\" decoding=\"async\" class=\"alignleft wp-image-4719\" src=\"https:\/\/www.klearlaser.com\/wp-content\/uploads\/2026\/01\/klearlaser-laser-cleaning-machine-application.jpg\" alt=\"\" width=\"705\" height=\"604\" srcset=\"https:\/\/www.klearlaser.com\/wp-content\/uploads\/2026\/01\/klearlaser-laser-cleaning-machine-application.jpg 654w, https:\/\/www.klearlaser.com\/wp-content\/uploads\/2026\/01\/klearlaser-laser-cleaning-machine-application-300x257.jpg 300w, https:\/\/www.klearlaser.com\/wp-content\/uploads\/2026\/01\/klearlaser-laser-cleaning-machine-application-14x12.jpg 14w, https:\/\/www.klearlaser.com\/wp-content\/uploads\/2026\/01\/klearlaser-laser-cleaning-machine-application-600x514.jpg 600w\" sizes=\"(max-width: 705px) 100vw, 705px\" \/> <img loading=\"lazy\" decoding=\"async\" class=\"alignleft wp-image-4720\" src=\"https:\/\/www.klearlaser.com\/wp-content\/uploads\/2026\/01\/klearlaser-laser-cleaning-machine-sample.jpg\" alt=\"\" width=\"704\" height=\"853\" srcset=\"https:\/\/www.klearlaser.com\/wp-content\/uploads\/2026\/01\/klearlaser-laser-cleaning-machine-sample.jpg 664w, https:\/\/www.klearlaser.com\/wp-content\/uploads\/2026\/01\/klearlaser-laser-cleaning-machine-sample-248x300.jpg 248w, https:\/\/www.klearlaser.com\/wp-content\/uploads\/2026\/01\/klearlaser-laser-cleaning-machine-sample-10x12.jpg 10w, https:\/\/www.klearlaser.com\/wp-content\/uploads\/2026\/01\/klearlaser-laser-cleaning-machine-sample-600x727.jpg 600w\" sizes=\"(max-width: 704px) 100vw, 704px\" \/> <img loading=\"lazy\" decoding=\"async\" class=\"alignleft wp-image-4718\" src=\"https:\/\/www.klearlaser.com\/wp-content\/uploads\/2026\/01\/klearlaser-Laser-Cleaning-Before-After.jpg\" alt=\"\" width=\"705\" height=\"881\" srcset=\"https:\/\/www.klearlaser.com\/wp-content\/uploads\/2026\/01\/klearlaser-Laser-Cleaning-Before-After.jpg 584w, https:\/\/www.klearlaser.com\/wp-content\/uploads\/2026\/01\/klearlaser-Laser-Cleaning-Before-After-240x300.jpg 240w, https:\/\/www.klearlaser.com\/wp-content\/uploads\/2026\/01\/klearlaser-Laser-Cleaning-Before-After-10x12.jpg 10w\" sizes=\"(max-width: 705px) 100vw, 705px\" \/> <img loading=\"lazy\" decoding=\"async\" class=\"alignleft wp-image-4721\" src=\"https:\/\/www.klearlaser.com\/wp-content\/uploads\/2026\/01\/klearlaser-packing.jpg\" alt=\"\" width=\"698\" height=\"455\" srcset=\"https:\/\/www.klearlaser.com\/wp-content\/uploads\/2026\/01\/klearlaser-packing.jpg 647w, https:\/\/www.klearlaser.com\/wp-content\/uploads\/2026\/01\/klearlaser-packing-300x196.jpg 300w, https:\/\/www.klearlaser.com\/wp-content\/uploads\/2026\/01\/klearlaser-packing-18x12.jpg 18w, https:\/\/www.klearlaser.com\/wp-content\/uploads\/2026\/01\/klearlaser-packing-600x391.jpg 600w\" sizes=\"(max-width: 698px) 100vw, 698px\" \/> <img loading=\"lazy\" decoding=\"async\" class=\"alignleft wp-image-4717\" src=\"https:\/\/www.klearlaser.com\/wp-content\/uploads\/2026\/01\/klearlaser-certification.jpg\" alt=\"\" width=\"705\" height=\"487\" srcset=\"https:\/\/www.klearlaser.com\/wp-content\/uploads\/2026\/01\/klearlaser-certification.jpg 729w, https:\/\/www.klearlaser.com\/wp-content\/uploads\/2026\/01\/klearlaser-certification-300x207.jpg 300w, https:\/\/www.klearlaser.com\/wp-content\/uploads\/2026\/01\/klearlaser-certification-18x12.jpg 18w, https:\/\/www.klearlaser.com\/wp-content\/uploads\/2026\/01\/klearlaser-certification-600x415.jpg 600w\" sizes=\"(max-width: 705px) 100vw, 705px\" \/> <img loading=\"lazy\" decoding=\"async\" class=\"alignleft wp-image-4710\" src=\"https:\/\/www.klearlaser.com\/wp-content\/uploads\/2026\/01\/klearlaser-advantage.jpg\" alt=\"\" width=\"709\" height=\"481\" srcset=\"https:\/\/www.klearlaser.com\/wp-content\/uploads\/2026\/01\/klearlaser-advantage.jpg 950w, https:\/\/www.klearlaser.com\/wp-content\/uploads\/2026\/01\/klearlaser-advantage-300x204.jpg 300w, https:\/\/www.klearlaser.com\/wp-content\/uploads\/2026\/01\/klearlaser-advantage-768x521.jpg 768w, https:\/\/www.klearlaser.com\/wp-content\/uploads\/2026\/01\/klearlaser-advantage-18x12.jpg 18w, https:\/\/www.klearlaser.com\/wp-content\/uploads\/2026\/01\/klearlaser-advantage-600x407.jpg 600w\" sizes=\"(max-width: 709px) 100vw, 709px\" \/><\/p>\n<p>&nbsp;<\/p>\n<p>&nbsp;<\/p>\n<p>&nbsp;<\/p>\n<p>&nbsp;<\/p>\n<p dir=\"auto\">","protected":false},"excerpt":{"rendered":"<p dir=\"auto\"><strong>Odkryj najwy\u017csz\u0105 przeno\u015bno\u015b\u0107 i precyzj\u0119 dzi\u0119ki laserowej maszynie czyszcz\u0105cej KlearLaser.<\/strong> Ten innowacyjny pulsacyjny <strong>plecakowa laserowa maszyna czyszcz\u0105ca<\/strong> eliminuje ograniczenia tradycyjnego ci\u0119\u017ckiego sprz\u0119tu i charakteryzuje si\u0119 lekk\u0105, por\u0119czn\u0105 konstrukcj\u0105 zasilan\u0105 wysokiej jako\u015bci \u017ar\u00f3d\u0142ami Raycus\/JPT\/IPG, dzi\u0119ki czemu jest idealnym, bezprzewodowym rozwi\u0105zaniem do czyszczenia dla profesjonalist\u00f3w w ruchu. Dzi\u0119ki ergonomicznemu uchwytowi plecakowemu i 1,5-metrowemu zasi\u0119gowi \u015bwiat\u0142owodu <strong>Plecakowa maszyna do czyszczenia laserowego KlearLaser<\/strong> Zapewnia bezdotykowe, bezpieczne dla pod\u0142o\u017ca czyszczenie, zach\u0119caj\u0105c do wydajniejszej pracy na miejscu, oferuj\u0105c jednocze\u015bnie niezr\u00f3wnan\u0105 swobod\u0119 w zastosowaniach na du\u017cych wysoko\u015bciach, na zewn\u0105trz i w ograniczonej przestrzeni.<\/p>\n<ul dir=\"auto\">\n<li>Ultralekki plecak (12-18 kg): Wygodny do d\u0142u\u017cszego u\u017cytkowania.<\/li>\n<li>Technologia lasera impulsowego: Precyzyjne czyszczenie bez uszkodze\u0144 termicznych lub uszkodze\u0144 pod\u0142o\u017ca.<\/li>\n<li>Kabel \u015bwiat\u0142owodowy o d\u0142ugo\u015bci 1,5 m: Zasi\u0119g wystarczaj\u0105cy do wi\u0119kszo\u015bci zada\u0144 wykonywanych na miejscu.<\/li>\n<li>Konstrukcja ch\u0142odzona powietrzem: Nie wymaga wody - idealna do pracy na zewn\u0105trz i w terenie.<\/li>\n<li>\u0141atwa obs\u0142uga: Nie wymaga specjalnego szkolenia, idealny dla mobilnych zespo\u0142\u00f3w.<\/li>\n<li>Aplikacje o wysokiej mobilno\u015bci: Mosty, wie\u017ce, wn\u0119trza statk\u00f3w, renowacja zabytk\u00f3w.<\/li>\n<\/ul>\n<p>&nbsp;<\/p>\n<p><a href=\"https:\/\/www.klearlaser.com\/pl\/laser-cleaning-contact\/\">Kontakt<\/a> aby otrzyma\u0107 bezp\u0142atn\u0105 pr\u00f3bk\u0119 i wycen\u0119: Wy\u015blij sw\u00f3j materia\u0142 do demo czyszczenia - bez zobowi\u0105za\u0144.<\/p>","protected":false},"featured_media":4723,"template":"","meta":[],"product_brand":[],"product_cat":[98],"product_tag":[],"class_list":{"0":"post-4647","1":"product","2":"type-product","3":"status-publish","4":"has-post-thumbnail","6":"product_cat-backpack-series","8":"first","9":"instock","10":"shipping-taxable","11":"product-type-simple"},"_links":{"self":[{"href":"https:\/\/www.klearlaser.com\/pl\/wp-json\/wp\/v2\/product\/4647","targetHints":{"allow":["GET"]}}],"collection":[{"href":"https:\/\/www.klearlaser.com\/pl\/wp-json\/wp\/v2\/product"}],"about":[{"href":"https:\/\/www.klearlaser.com\/pl\/wp-json\/wp\/v2\/types\/product"}],"wp:featuredmedia":[{"embeddable":true,"href":"https:\/\/www.klearlaser.com\/pl\/wp-json\/wp\/v2\/media\/4723"}],"wp:attachment":[{"href":"https:\/\/www.klearlaser.com\/pl\/wp-json\/wp\/v2\/media?parent=4647"}],"wp:term":[{"taxonomy":"product_brand","embeddable":true,"href":"https:\/\/www.klearlaser.com\/pl\/wp-json\/wp\/v2\/product_brand?post=4647"},{"taxonomy":"product_cat","embeddable":true,"href":"https:\/\/www.klearlaser.com\/pl\/wp-json\/wp\/v2\/product_cat?post=4647"},{"taxonomy":"product_tag","embeddable":true,"href":"https:\/\/www.klearlaser.com\/pl\/wp-json\/wp\/v2\/product_tag?post=4647"}],"curies":[{"name":"wp","href":"https:\/\/api.w.org\/{rel}","templated":true}]}}