{"id":4741,"date":"2026-01-20T20:22:41","date_gmt":"2026-01-20T12:22:41","guid":{"rendered":"https:\/\/www.klearlaser.com\/?post_type=product&#038;p=4741"},"modified":"2026-01-24T11:42:46","modified_gmt":"2026-01-24T03:42:46","slug":"cabinet-continuous-laser-cleaning-machine","status":"publish","type":"product","link":"https:\/\/www.klearlaser.com\/pl\/produkt\/cabinet-continuous-laser-cleaning-machine\/","title":{"rendered":"Maszyna do ci\u0105g\u0142ego czyszczenia laserowego szafy KlearLaser - 1000W-6000W wysokiej mocy CW"},"content":{"rendered":"<h2 style=\"font-size: 25px;\">Maszyna do ci\u0105g\u0142ego czyszczenia laserowego szafy KlearLaser - 1000W-6000W wysokiej mocy CW<\/h2>\n<p dir=\"auto\"><strong>Odkryj wydajne czyszczenie przemys\u0142owe z maszyn\u0105 do ci\u0105g\u0142ego czyszczenia laserowego KlearLaser Cabinet.<\/strong> Ta szafkowa maszyna do czyszczenia laserowego o du\u017cej mocy 1000W-6000W z fal\u0105 ci\u0105g\u0142\u0105 (CW) ma zamkni\u0119t\u0105 konstrukcj\u0119 szafki zapewniaj\u0105c\u0105 bezpieczn\u0105 i niezawodn\u0105 prac\u0119 - idealne rozwi\u0105zanie stacjonarne lub p\u00f3\u0142-mobilne do przygotowania powierzchni na du\u017c\u0105 skal\u0119. Zasilana przez wysokiej jako\u015bci \u017ar\u00f3d\u0142a lasera \u015bwiat\u0142owodowego o d\u0142ugo\u015bci fali 1064 nm, zapewnia szybkie, bezdotykowe usuwanie ci\u0119\u017ckiej rdzy, grubej farby, tlenk\u00f3w i pow\u0142ok bez uszkodzenia pod\u0142o\u017ca lub wt\u00f3rnego zanieczyszczenia.<\/p>\n<p dir=\"auto\"><strong>Funkcja:<\/strong><\/p>\n<ul dir=\"auto\">\n<li>Zamkni\u0119ta konstrukcja obudowy: Solidna obudowa zapewniaj\u0105ca bezpiecze\u0144stwo, ch\u0142odzenie i ca\u0142odobowe u\u017cytkowanie przemys\u0142owe<\/li>\n<li>Laser o fali ci\u0105g\u0142ej: Szybkie czyszczenie ze stabiln\u0105 moc\u0105 wyj\u015bciow\u0105 i nisk\u0105 emisj\u0105 ciep\u0142a<\/li>\n<li>Zakres mocy: 1000W-6000W - idealny do ci\u0119\u017ckich zada\u0144 na du\u017cych powierzchniach<\/li>\n<li>Szeroki zakres czyszczenia: Do 500 mm+ szeroko\u015bci dla wydajnego przetwarzania<\/li>\n<li>Opcje ch\u0142odzenia powietrzem\/wod\u0105: Niezawodna wydajno\u015b\u0107 w wymagaj\u0105cych \u015brodowiskach fabrycznych<\/li>\n<li>Du\u017ca d\u0142ugo\u015b\u0107 \u015bwiat\u0142owodu: Elastyczny zasi\u0119g dla konfiguracji stacjonarnych lub mobilnych<\/li>\n<li>\u0141atwa integracja: Kompatybilno\u015b\u0107 z liniami produkcyjnymi i automatyk\u0105<\/li>\n<\/ul>\n<p>&nbsp;<\/p>\n<p dir=\"auto\"><strong>Zastosowania:<\/strong><\/p>\n<ul dir=\"auto\">\n<li>Usuwanie rdzy i farby na du\u017c\u0105 skal\u0119 z konstrukcji stalowych i kad\u0142ub\u00f3w statk\u00f3w<\/li>\n<li>Przemys\u0142owe usuwanie tlenk\u00f3w i pow\u0142ok w fabrykach<\/li>\n<li>Ci\u0119\u017ckie prace konserwacyjne most\u00f3w, ruroci\u0105g\u00f3w i turbin wiatrowych<\/li>\n<li>Przygotowanie komponent\u00f3w dla przemys\u0142u motoryzacyjnego i lotniczego<\/li>\n<li>Wst\u0119pna obr\u00f3bka powierzchni metalu przed powlekaniem lub spawaniem<\/li>\n<li>Czyszczenie linii produkcyjnych o du\u017cej wydajno\u015bci<\/li>\n<\/ul>\n<p>&nbsp;<\/p>\n<p dir=\"auto\"><strong><a href=\"https:\/\/www.klearlaser.com\/pl\/laser-cleaning-contact\/\">Skontaktuj si\u0119 z nami <\/a><\/strong>bezp\u0142atny test pr\u00f3bki i wycena - wy\u015blij sw\u00f3j materia\u0142 do demo czyszczenia - bez zobowi\u0105za\u0144.<\/p>\n<p dir=\"auto\"><img fetchpriority=\"high\" decoding=\"async\" class=\"alignleft size-full wp-image-4747\" src=\"https:\/\/www.klearlaser.com\/wp-content\/uploads\/2026\/01\/Cabinet-Continuous-Laser-Cleaning-Machine-1.jpg\" alt=\"\" width=\"750\" height=\"450\" srcset=\"https:\/\/www.klearlaser.com\/wp-content\/uploads\/2026\/01\/Cabinet-Continuous-Laser-Cleaning-Machine-1.jpg 750w, https:\/\/www.klearlaser.com\/wp-content\/uploads\/2026\/01\/Cabinet-Continuous-Laser-Cleaning-Machine-1-300x180.jpg 300w, https:\/\/www.klearlaser.com\/wp-content\/uploads\/2026\/01\/Cabinet-Continuous-Laser-Cleaning-Machine-1-18x12.jpg 18w, https:\/\/www.klearlaser.com\/wp-content\/uploads\/2026\/01\/Cabinet-Continuous-Laser-Cleaning-Machine-1-600x360.jpg 600w\" sizes=\"(max-width: 750px) 100vw, 750px\" \/><\/p>\n<p><iframe title=\"Odtwarzacz wideo YouTube\" src=\"https:\/\/www.youtube.com\/embed\/J_BaEFtpUeI?si=J5ft6B1iPW8rGH2f\" width=\"560\" height=\"315\" frameborder=\"0\" allowfullscreen=\"allowfullscreen\"><\/iframe><\/p>\n<p><img decoding=\"async\" class=\"alignleft wp-image-4745\" src=\"https:\/\/www.klearlaser.com\/wp-content\/uploads\/2026\/01\/Cabinet-Continuous-Laser-Cleaning-Machine-main4.jpg\" alt=\"\" width=\"737\" height=\"737\" srcset=\"https:\/\/www.klearlaser.com\/wp-content\/uploads\/2026\/01\/Cabinet-Continuous-Laser-Cleaning-Machine-main4.jpg 800w, https:\/\/www.klearlaser.com\/wp-content\/uploads\/2026\/01\/Cabinet-Continuous-Laser-Cleaning-Machine-main4-300x300.jpg 300w, https:\/\/www.klearlaser.com\/wp-content\/uploads\/2026\/01\/Cabinet-Continuous-Laser-Cleaning-Machine-main4-150x150.jpg 150w, https:\/\/www.klearlaser.com\/wp-content\/uploads\/2026\/01\/Cabinet-Continuous-Laser-Cleaning-Machine-main4-768x768.jpg 768w, https:\/\/www.klearlaser.com\/wp-content\/uploads\/2026\/01\/Cabinet-Continuous-Laser-Cleaning-Machine-main4-12x12.jpg 12w, https:\/\/www.klearlaser.com\/wp-content\/uploads\/2026\/01\/Cabinet-Continuous-Laser-Cleaning-Machine-main4-600x600.jpg 600w, https:\/\/www.klearlaser.com\/wp-content\/uploads\/2026\/01\/Cabinet-Continuous-Laser-Cleaning-Machine-main4-100x100.jpg 100w\" sizes=\"(max-width: 737px) 100vw, 737px\" \/> <img decoding=\"async\" class=\"alignleft wp-image-4749\" src=\"https:\/\/www.klearlaser.com\/wp-content\/uploads\/2026\/01\/Cabinet-Continuous-Laser-Cleaning-Machine-3.jpg\" alt=\"\" width=\"739\" height=\"647\" srcset=\"https:\/\/www.klearlaser.com\/wp-content\/uploads\/2026\/01\/Cabinet-Continuous-Laser-Cleaning-Machine-3.jpg 909w, https:\/\/www.klearlaser.com\/wp-content\/uploads\/2026\/01\/Cabinet-Continuous-Laser-Cleaning-Machine-3-300x263.jpg 300w, https:\/\/www.klearlaser.com\/wp-content\/uploads\/2026\/01\/Cabinet-Continuous-Laser-Cleaning-Machine-3-768x673.jpg 768w, https:\/\/www.klearlaser.com\/wp-content\/uploads\/2026\/01\/Cabinet-Continuous-Laser-Cleaning-Machine-3-14x12.jpg 14w, https:\/\/www.klearlaser.com\/wp-content\/uploads\/2026\/01\/Cabinet-Continuous-Laser-Cleaning-Machine-3-600x525.jpg 600w\" sizes=\"(max-width: 739px) 100vw, 739px\" \/> <img loading=\"lazy\" decoding=\"async\" class=\"alignleft wp-image-4750\" src=\"https:\/\/www.klearlaser.com\/wp-content\/uploads\/2026\/01\/Cabinet-Continuous-Laser-Cleaning-Machine-4.jpg\" alt=\"\" width=\"711\" height=\"534\" srcset=\"https:\/\/www.klearlaser.com\/wp-content\/uploads\/2026\/01\/Cabinet-Continuous-Laser-Cleaning-Machine-4.jpg 750w, https:\/\/www.klearlaser.com\/wp-content\/uploads\/2026\/01\/Cabinet-Continuous-Laser-Cleaning-Machine-4-300x225.jpg 300w, https:\/\/www.klearlaser.com\/wp-content\/uploads\/2026\/01\/Cabinet-Continuous-Laser-Cleaning-Machine-4-16x12.jpg 16w, https:\/\/www.klearlaser.com\/wp-content\/uploads\/2026\/01\/Cabinet-Continuous-Laser-Cleaning-Machine-4-600x450.jpg 600w\" sizes=\"(max-width: 711px) 100vw, 711px\" \/> <img loading=\"lazy\" decoding=\"async\" class=\"alignleft wp-image-4751\" src=\"https:\/\/www.klearlaser.com\/wp-content\/uploads\/2026\/01\/Cabinet-Continuous-Laser-Cleaning-Machine-5.jpg\" alt=\"\" width=\"712\" height=\"712\" srcset=\"https:\/\/www.klearlaser.com\/wp-content\/uploads\/2026\/01\/Cabinet-Continuous-Laser-Cleaning-Machine-5.jpg 800w, https:\/\/www.klearlaser.com\/wp-content\/uploads\/2026\/01\/Cabinet-Continuous-Laser-Cleaning-Machine-5-300x300.jpg 300w, https:\/\/www.klearlaser.com\/wp-content\/uploads\/2026\/01\/Cabinet-Continuous-Laser-Cleaning-Machine-5-150x150.jpg 150w, https:\/\/www.klearlaser.com\/wp-content\/uploads\/2026\/01\/Cabinet-Continuous-Laser-Cleaning-Machine-5-768x768.jpg 768w, https:\/\/www.klearlaser.com\/wp-content\/uploads\/2026\/01\/Cabinet-Continuous-Laser-Cleaning-Machine-5-12x12.jpg 12w, https:\/\/www.klearlaser.com\/wp-content\/uploads\/2026\/01\/Cabinet-Continuous-Laser-Cleaning-Machine-5-600x600.jpg 600w, https:\/\/www.klearlaser.com\/wp-content\/uploads\/2026\/01\/Cabinet-Continuous-Laser-Cleaning-Machine-5-100x100.jpg 100w\" sizes=\"(max-width: 712px) 100vw, 712px\" \/> <img loading=\"lazy\" decoding=\"async\" class=\"alignleft wp-image-4752\" src=\"https:\/\/www.klearlaser.com\/wp-content\/uploads\/2026\/01\/Cabinet-Continuous-Laser-Cleaning-Machine-6.jpg\" alt=\"\" width=\"716\" height=\"716\" srcset=\"https:\/\/www.klearlaser.com\/wp-content\/uploads\/2026\/01\/Cabinet-Continuous-Laser-Cleaning-Machine-6.jpg 800w, https:\/\/www.klearlaser.com\/wp-content\/uploads\/2026\/01\/Cabinet-Continuous-Laser-Cleaning-Machine-6-300x300.jpg 300w, https:\/\/www.klearlaser.com\/wp-content\/uploads\/2026\/01\/Cabinet-Continuous-Laser-Cleaning-Machine-6-150x150.jpg 150w, https:\/\/www.klearlaser.com\/wp-content\/uploads\/2026\/01\/Cabinet-Continuous-Laser-Cleaning-Machine-6-768x768.jpg 768w, https:\/\/www.klearlaser.com\/wp-content\/uploads\/2026\/01\/Cabinet-Continuous-Laser-Cleaning-Machine-6-12x12.jpg 12w, https:\/\/www.klearlaser.com\/wp-content\/uploads\/2026\/01\/Cabinet-Continuous-Laser-Cleaning-Machine-6-600x600.jpg 600w, https:\/\/www.klearlaser.com\/wp-content\/uploads\/2026\/01\/Cabinet-Continuous-Laser-Cleaning-Machine-6-100x100.jpg 100w\" sizes=\"(max-width: 716px) 100vw, 716px\" \/> <img loading=\"lazy\" decoding=\"async\" class=\"alignleft wp-image-4753\" src=\"https:\/\/www.klearlaser.com\/wp-content\/uploads\/2026\/01\/Cabinet-Continuous-Laser-Cleaning-Machine-7.png\" alt=\"\" width=\"719\" height=\"844\" srcset=\"https:\/\/www.klearlaser.com\/wp-content\/uploads\/2026\/01\/Cabinet-Continuous-Laser-Cleaning-Machine-7.png 750w, https:\/\/www.klearlaser.com\/wp-content\/uploads\/2026\/01\/Cabinet-Continuous-Laser-Cleaning-Machine-7-256x300.png 256w, https:\/\/www.klearlaser.com\/wp-content\/uploads\/2026\/01\/Cabinet-Continuous-Laser-Cleaning-Machine-7-10x12.png 10w, https:\/\/www.klearlaser.com\/wp-content\/uploads\/2026\/01\/Cabinet-Continuous-Laser-Cleaning-Machine-7-600x704.png 600w\" sizes=\"(max-width: 719px) 100vw, 719px\" \/> <img loading=\"lazy\" decoding=\"async\" class=\"alignleft wp-image-4754\" src=\"https:\/\/www.klearlaser.com\/wp-content\/uploads\/2026\/01\/Cabinet-Continuous-Laser-Cleaning-Machine-8.jpg\" alt=\"\" width=\"737\" height=\"1119\" srcset=\"https:\/\/www.klearlaser.com\/wp-content\/uploads\/2026\/01\/Cabinet-Continuous-Laser-Cleaning-Machine-8.jpg 490w, https:\/\/www.klearlaser.com\/wp-content\/uploads\/2026\/01\/Cabinet-Continuous-Laser-Cleaning-Machine-8-198x300.jpg 198w, https:\/\/www.klearlaser.com\/wp-content\/uploads\/2026\/01\/Cabinet-Continuous-Laser-Cleaning-Machine-8-8x12.jpg 8w\" sizes=\"(max-width: 737px) 100vw, 737px\" \/> <img loading=\"lazy\" decoding=\"async\" class=\"alignleft wp-image-4755\" src=\"https:\/\/www.klearlaser.com\/wp-content\/uploads\/2026\/01\/Cabinet-Continuous-Laser-Cleaning-Machine-9.jpg\" alt=\"\" width=\"708\" height=\"591\" srcset=\"https:\/\/www.klearlaser.com\/wp-content\/uploads\/2026\/01\/Cabinet-Continuous-Laser-Cleaning-Machine-9.jpg 552w, https:\/\/www.klearlaser.com\/wp-content\/uploads\/2026\/01\/Cabinet-Continuous-Laser-Cleaning-Machine-9-300x251.jpg 300w, https:\/\/www.klearlaser.com\/wp-content\/uploads\/2026\/01\/Cabinet-Continuous-Laser-Cleaning-Machine-9-14x12.jpg 14w\" sizes=\"(max-width: 708px) 100vw, 708px\" \/> <img loading=\"lazy\" decoding=\"async\" class=\"alignleft wp-image-4756\" src=\"https:\/\/www.klearlaser.com\/wp-content\/uploads\/2026\/01\/Cabinet-Continuous-Laser-Cleaning-Machine-10.jpg\" alt=\"\" width=\"697\" height=\"635\" srcset=\"https:\/\/www.klearlaser.com\/wp-content\/uploads\/2026\/01\/Cabinet-Continuous-Laser-Cleaning-Machine-10.jpg 576w, https:\/\/www.klearlaser.com\/wp-content\/uploads\/2026\/01\/Cabinet-Continuous-Laser-Cleaning-Machine-10-300x273.jpg 300w, https:\/\/www.klearlaser.com\/wp-content\/uploads\/2026\/01\/Cabinet-Continuous-Laser-Cleaning-Machine-10-13x12.jpg 13w\" sizes=\"(max-width: 697px) 100vw, 697px\" \/> <img loading=\"lazy\" decoding=\"async\" class=\"alignleft wp-image-4757\" src=\"https:\/\/www.klearlaser.com\/wp-content\/uploads\/2026\/01\/Cabinet-Continuous-Laser-Cleaning-Machine-11.jpg\" alt=\"\" width=\"699\" height=\"654\" srcset=\"https:\/\/www.klearlaser.com\/wp-content\/uploads\/2026\/01\/Cabinet-Continuous-Laser-Cleaning-Machine-11.jpg 659w, https:\/\/www.klearlaser.com\/wp-content\/uploads\/2026\/01\/Cabinet-Continuous-Laser-Cleaning-Machine-11-300x281.jpg 300w, https:\/\/www.klearlaser.com\/wp-content\/uploads\/2026\/01\/Cabinet-Continuous-Laser-Cleaning-Machine-11-13x12.jpg 13w, https:\/\/www.klearlaser.com\/wp-content\/uploads\/2026\/01\/Cabinet-Continuous-Laser-Cleaning-Machine-11-600x562.jpg 600w\" sizes=\"(max-width: 699px) 100vw, 699px\" \/> <img loading=\"lazy\" decoding=\"async\" class=\"alignleft wp-image-4721\" src=\"https:\/\/www.klearlaser.com\/wp-content\/uploads\/2026\/01\/klearlaser-packing.jpg\" alt=\"\" width=\"703\" height=\"458\" srcset=\"https:\/\/www.klearlaser.com\/wp-content\/uploads\/2026\/01\/klearlaser-packing.jpg 647w, https:\/\/www.klearlaser.com\/wp-content\/uploads\/2026\/01\/klearlaser-packing-300x196.jpg 300w, https:\/\/www.klearlaser.com\/wp-content\/uploads\/2026\/01\/klearlaser-packing-18x12.jpg 18w, https:\/\/www.klearlaser.com\/wp-content\/uploads\/2026\/01\/klearlaser-packing-600x391.jpg 600w\" sizes=\"(max-width: 703px) 100vw, 703px\" \/> <img loading=\"lazy\" decoding=\"async\" class=\"alignleft size-full wp-image-4717\" src=\"https:\/\/www.klearlaser.com\/wp-content\/uploads\/2026\/01\/klearlaser-certification.jpg\" alt=\"\" width=\"729\" height=\"504\" srcset=\"https:\/\/www.klearlaser.com\/wp-content\/uploads\/2026\/01\/klearlaser-certification.jpg 729w, https:\/\/www.klearlaser.com\/wp-content\/uploads\/2026\/01\/klearlaser-certification-300x207.jpg 300w, https:\/\/www.klearlaser.com\/wp-content\/uploads\/2026\/01\/klearlaser-certification-18x12.jpg 18w, https:\/\/www.klearlaser.com\/wp-content\/uploads\/2026\/01\/klearlaser-certification-600x415.jpg 600w\" sizes=\"(max-width: 729px) 100vw, 729px\" \/> <img loading=\"lazy\" decoding=\"async\" class=\"alignleft wp-image-4710\" src=\"https:\/\/www.klearlaser.com\/wp-content\/uploads\/2026\/01\/klearlaser-advantage.jpg\" alt=\"\" width=\"739\" height=\"502\" srcset=\"https:\/\/www.klearlaser.com\/wp-content\/uploads\/2026\/01\/klearlaser-advantage.jpg 950w, https:\/\/www.klearlaser.com\/wp-content\/uploads\/2026\/01\/klearlaser-advantage-300x204.jpg 300w, https:\/\/www.klearlaser.com\/wp-content\/uploads\/2026\/01\/klearlaser-advantage-768x521.jpg 768w, https:\/\/www.klearlaser.com\/wp-content\/uploads\/2026\/01\/klearlaser-advantage-18x12.jpg 18w, https:\/\/www.klearlaser.com\/wp-content\/uploads\/2026\/01\/klearlaser-advantage-600x407.jpg 600w\" sizes=\"(max-width: 739px) 100vw, 739px\" \/><\/p>\n<p>&nbsp;<\/p>","protected":false},"excerpt":{"rendered":"<p><strong>Odkryj wydajne czyszczenie przemys\u0142owe z maszyn\u0105 do ci\u0105g\u0142ego czyszczenia laserowego KlearLaser Cabinet.<\/strong><\/p>\n<p>Ta wysokowydajna maszyna do czyszczenia laserem szafkowym o mocy 1000W-6000W z fal\u0105 ci\u0105g\u0142\u0105 (CW) posiada zamkni\u0119t\u0105 obudow\u0119 zapewniaj\u0105c\u0105 bezpieczn\u0105 i niezawodn\u0105 prac\u0119 - idealna do stacjonarnego lub p\u00f3\u0142mobilnego czyszczenia na du\u017c\u0105 skal\u0119. Zasilana wysokiej jako\u015bci laserem \u015bwiat\u0142owodowym o d\u0142ugo\u015bci fali 1064 nm, zapewnia szybkie, bezdotykowe usuwanie ci\u0119\u017ckiej rdzy, grubej farby, tlenk\u00f3w i pow\u0142ok bez uszkodzenia lub zanieczyszczenia pod\u0142o\u017ca.<\/p>\n<ul>\n<li>Zamkni\u0119ta obudowa: Wytrzyma\u0142a i bezpieczna do u\u017cytku przemys\u0142owego 24\/7<\/li>\n<li>Laser o fali ci\u0105g\u0142ej: Wysoka pr\u0119dko\u015b\u0107, stabilna moc wyj\u015bciowa i niski poziom nagrzewania<\/li>\n<li>Zakres mocy: 1000W-6000W - do ci\u0119\u017ckich zada\u0144 na du\u017cych powierzchniach<\/li>\n<li>Szerokie pokrycie: Szeroko\u015b\u0107 do 500 mm+ dla wydajnego przetwarzania<\/li>\n<li>Ch\u0142odzenie powietrzem\/wod\u0105: niezawodne w wymagaj\u0105cych \u015brodowiskach fabrycznych<\/li>\n<li>Du\u017ca d\u0142ugo\u015b\u0107 \u015bwiat\u0142owodu: Elastyczny zasi\u0119g dla konfiguracji stacjonarnych lub mobilnych<\/li>\n<li>\u0141atwa integracja: Kompatybilno\u015b\u0107 z liniami produkcyjnymi i automatyk\u0105<\/li>\n<\/ul>\n<p>&nbsp;<\/p>\n<p><a href=\"https:\/\/www.klearlaser.com\/pl\/laser-cleaning-contact\/\">Kontakt<\/a> bezp\u0142atny test pr\u00f3bki i wycena - wy\u015blij materia\u0142 do demo, bez zobowi\u0105za\u0144.<\/p>","protected":false},"featured_media":4743,"template":"","meta":[],"product_brand":[],"product_cat":[101],"product_tag":[],"class_list":{"0":"post-4741","1":"product","2":"type-product","3":"status-publish","4":"has-post-thumbnail","6":"product_cat-cabinet-industrial-series","8":"first","9":"instock","10":"shipping-taxable","11":"product-type-simple"},"_links":{"self":[{"href":"https:\/\/www.klearlaser.com\/pl\/wp-json\/wp\/v2\/product\/4741","targetHints":{"allow":["GET"]}}],"collection":[{"href":"https:\/\/www.klearlaser.com\/pl\/wp-json\/wp\/v2\/product"}],"about":[{"href":"https:\/\/www.klearlaser.com\/pl\/wp-json\/wp\/v2\/types\/product"}],"wp:featuredmedia":[{"embeddable":true,"href":"https:\/\/www.klearlaser.com\/pl\/wp-json\/wp\/v2\/media\/4743"}],"wp:attachment":[{"href":"https:\/\/www.klearlaser.com\/pl\/wp-json\/wp\/v2\/media?parent=4741"}],"wp:term":[{"taxonomy":"product_brand","embeddable":true,"href":"https:\/\/www.klearlaser.com\/pl\/wp-json\/wp\/v2\/product_brand?post=4741"},{"taxonomy":"product_cat","embeddable":true,"href":"https:\/\/www.klearlaser.com\/pl\/wp-json\/wp\/v2\/product_cat?post=4741"},{"taxonomy":"product_tag","embeddable":true,"href":"https:\/\/www.klearlaser.com\/pl\/wp-json\/wp\/v2\/product_tag?post=4741"}],"curies":[{"name":"wp","href":"https:\/\/api.w.org\/{rel}","templated":true}]}}