{"id":4647,"date":"2026-01-20T08:51:35","date_gmt":"2026-01-20T00:51:35","guid":{"rendered":"https:\/\/www.klearlaser.com\/?post_type=product&#038;p=4647"},"modified":"2026-01-24T11:46:24","modified_gmt":"2026-01-24T03:46:24","slug":"backpack-laser-cleaning-machine","status":"publish","type":"product","link":"https:\/\/www.klearlaser.com\/pt\/produto\/backpack-laser-cleaning-machine\/","title":{"rendered":"M\u00e1quina de limpeza a laser de mochila KlearLaser - 100W-300W Pulsado port\u00e1til"},"content":{"rendered":"<h2 style=\"font-size: 25px;\">KlearLaser Backpack Laser Cleaning Machine \u2013 Ultra-Light for High-Mobility Cleaning<\/h2>\n<p dir=\"auto\"><strong>Discover the ultimate portability with the KlearLaser Backpack Pulsed Laser Cleaning Machine.<\/strong> This 100W\u2013300W pulsed <strong>m\u00e1quina de limpeza a laser de mochila<\/strong> features an ultra-light wearable design (12\u201318kg) powered by premium Raycus\/JPT\/IPG sources \u2014 the ideal cord-free solution for high-mobility cleaning. With ergonomic backpack host and 1.5m fiber cable, the backpack laser cleaner delivers non-contact, substrate-safe removal of rust, paint, oxides, and coatings.<\/p>\n<p dir=\"auto\"><strong>Carater\u00edstica:<\/strong><\/p>\n<ul dir=\"auto\">\n<li>Ultra-Light Backpack Host (12\u201318kg): Comfortable ergonomic straps for extended use.<\/li>\n<li>Tecnologia de laser pulsado: Limpeza de precis\u00e3o com zero danos t\u00e9rmicos ou danos no substrato.<\/li>\n<li>1.5m Fiber Cable: Flexible reach for tight spaces.<\/li>\n<li>Air-Cooled Design: No water needed \u2014 ideal for outdoor work.<\/li>\n<li>Easy One-Person Operation: Intuitive controls, no training required.<\/li>\n<li>High-Mobility Applications: Bridges, towers, ship interiors, heritage restoration&#8230;<\/li>\n<\/ul>\n<p>&nbsp;<\/p>\n<p><a href=\"https:\/\/www.klearlaser.com\/pt\/laser-cleaning-contact\/\">Contactar-nos<\/a> para teste de amostra gr\u00e1tis e or\u00e7amento: Envie o seu material para demonstra\u00e7\u00e3o - sem compromisso.<\/p>\n<p><img fetchpriority=\"high\" decoding=\"async\" class=\"wp-image-4709 alignleft\" src=\"https:\/\/www.klearlaser.com\/wp-content\/uploads\/2026\/01\/klearlaser-backpack-laser-cleaning-machine-1.jpg\" alt=\"\" width=\"719\" height=\"880\" srcset=\"https:\/\/www.klearlaser.com\/wp-content\/uploads\/2026\/01\/klearlaser-backpack-laser-cleaning-machine-1.jpg 708w, https:\/\/www.klearlaser.com\/wp-content\/uploads\/2026\/01\/klearlaser-backpack-laser-cleaning-machine-1-245x300.jpg 245w, https:\/\/www.klearlaser.com\/wp-content\/uploads\/2026\/01\/klearlaser-backpack-laser-cleaning-machine-1-10x12.jpg 10w, https:\/\/www.klearlaser.com\/wp-content\/uploads\/2026\/01\/klearlaser-backpack-laser-cleaning-machine-1-600x735.jpg 600w\" sizes=\"(max-width: 719px) 100vw, 719px\" \/><\/p>\n<p>&nbsp;<\/p>\n<p>&nbsp;<\/p>\n<p>&nbsp;<\/p>\n<p><iframe title=\"Leitor de v\u00eddeo do YouTube\" src=\"https:\/\/www.youtube.com\/embed\/dt-EEyzqMX0?si=jOJrnhC8HSTbQZu9\" width=\"560\" height=\"315\" frameborder=\"0\" allowfullscreen=\"allowfullscreen\"><\/iframe><\/p>\n<p><img decoding=\"async\" class=\"alignleft wp-image-5020\" src=\"https:\/\/www.klearlaser.com\/wp-content\/uploads\/2026\/01\/klearlaser-backpack-laser-cleaning-machine-2-scaled.png\" alt=\"\" width=\"711\" height=\"1150\" srcset=\"https:\/\/www.klearlaser.com\/wp-content\/uploads\/2026\/01\/klearlaser-backpack-laser-cleaning-machine-2-scaled.png 1582w, https:\/\/www.klearlaser.com\/wp-content\/uploads\/2026\/01\/klearlaser-backpack-laser-cleaning-machine-2-185x300.png 185w, https:\/\/www.klearlaser.com\/wp-content\/uploads\/2026\/01\/klearlaser-backpack-laser-cleaning-machine-2-633x1024.png 633w, https:\/\/www.klearlaser.com\/wp-content\/uploads\/2026\/01\/klearlaser-backpack-laser-cleaning-machine-2-768x1243.png 768w, https:\/\/www.klearlaser.com\/wp-content\/uploads\/2026\/01\/klearlaser-backpack-laser-cleaning-machine-2-949x1536.png 949w, https:\/\/www.klearlaser.com\/wp-content\/uploads\/2026\/01\/klearlaser-backpack-laser-cleaning-machine-2-1266x2048.png 1266w, https:\/\/www.klearlaser.com\/wp-content\/uploads\/2026\/01\/klearlaser-backpack-laser-cleaning-machine-2-7x12.png 7w, https:\/\/www.klearlaser.com\/wp-content\/uploads\/2026\/01\/klearlaser-backpack-laser-cleaning-machine-2-600x971.png 600w\" sizes=\"(max-width: 711px) 100vw, 711px\" \/> <img decoding=\"async\" class=\"alignleft wp-image-5021\" src=\"https:\/\/www.klearlaser.com\/wp-content\/uploads\/2026\/01\/klearlaser-specification-1.jpg\" alt=\"\" width=\"713\" height=\"1540\" srcset=\"https:\/\/www.klearlaser.com\/wp-content\/uploads\/2026\/01\/klearlaser-specification-1.jpg 1000w, https:\/\/www.klearlaser.com\/wp-content\/uploads\/2026\/01\/klearlaser-specification-1-139x300.jpg 139w, https:\/\/www.klearlaser.com\/wp-content\/uploads\/2026\/01\/klearlaser-specification-1-474x1024.jpg 474w, https:\/\/www.klearlaser.com\/wp-content\/uploads\/2026\/01\/klearlaser-specification-1-768x1659.jpg 768w, https:\/\/www.klearlaser.com\/wp-content\/uploads\/2026\/01\/klearlaser-specification-1-711x1536.jpg 711w, https:\/\/www.klearlaser.com\/wp-content\/uploads\/2026\/01\/klearlaser-specification-1-948x2048.jpg 948w, https:\/\/www.klearlaser.com\/wp-content\/uploads\/2026\/01\/klearlaser-specification-1-6x12.jpg 6w, https:\/\/www.klearlaser.com\/wp-content\/uploads\/2026\/01\/klearlaser-specification-1-600x1296.jpg 600w\" sizes=\"(max-width: 713px) 100vw, 713px\" \/><\/p>\n<p>&nbsp;<\/p>\n<p><img loading=\"lazy\" decoding=\"async\" class=\"alignleft wp-image-4712\" src=\"https:\/\/www.klearlaser.com\/wp-content\/uploads\/2026\/01\/klearlaser-backpack-laser-cleaning-machine-3.jpg\" alt=\"\" width=\"708\" height=\"708\" srcset=\"https:\/\/www.klearlaser.com\/wp-content\/uploads\/2026\/01\/klearlaser-backpack-laser-cleaning-machine-3.jpg 927w, https:\/\/www.klearlaser.com\/wp-content\/uploads\/2026\/01\/klearlaser-backpack-laser-cleaning-machine-3-300x300.jpg 300w, https:\/\/www.klearlaser.com\/wp-content\/uploads\/2026\/01\/klearlaser-backpack-laser-cleaning-machine-3-150x150.jpg 150w, https:\/\/www.klearlaser.com\/wp-content\/uploads\/2026\/01\/klearlaser-backpack-laser-cleaning-machine-3-768x768.jpg 768w, https:\/\/www.klearlaser.com\/wp-content\/uploads\/2026\/01\/klearlaser-backpack-laser-cleaning-machine-3-12x12.jpg 12w, https:\/\/www.klearlaser.com\/wp-content\/uploads\/2026\/01\/klearlaser-backpack-laser-cleaning-machine-3-600x600.jpg 600w, https:\/\/www.klearlaser.com\/wp-content\/uploads\/2026\/01\/klearlaser-backpack-laser-cleaning-machine-3-100x100.jpg 100w\" sizes=\"(max-width: 708px) 100vw, 708px\" \/> <img loading=\"lazy\" decoding=\"async\" class=\"alignleft wp-image-4713\" src=\"https:\/\/www.klearlaser.com\/wp-content\/uploads\/2026\/01\/klearlaser-backpack-laser-cleaning-machine-4.jpg\" alt=\"\" width=\"706\" height=\"706\" srcset=\"https:\/\/www.klearlaser.com\/wp-content\/uploads\/2026\/01\/klearlaser-backpack-laser-cleaning-machine-4.jpg 860w, https:\/\/www.klearlaser.com\/wp-content\/uploads\/2026\/01\/klearlaser-backpack-laser-cleaning-machine-4-300x300.jpg 300w, https:\/\/www.klearlaser.com\/wp-content\/uploads\/2026\/01\/klearlaser-backpack-laser-cleaning-machine-4-150x150.jpg 150w, https:\/\/www.klearlaser.com\/wp-content\/uploads\/2026\/01\/klearlaser-backpack-laser-cleaning-machine-4-768x768.jpg 768w, https:\/\/www.klearlaser.com\/wp-content\/uploads\/2026\/01\/klearlaser-backpack-laser-cleaning-machine-4-12x12.jpg 12w, https:\/\/www.klearlaser.com\/wp-content\/uploads\/2026\/01\/klearlaser-backpack-laser-cleaning-machine-4-600x600.jpg 600w, https:\/\/www.klearlaser.com\/wp-content\/uploads\/2026\/01\/klearlaser-backpack-laser-cleaning-machine-4-100x100.jpg 100w\" sizes=\"(max-width: 706px) 100vw, 706px\" \/> <img loading=\"lazy\" decoding=\"async\" class=\"alignleft wp-image-4714\" src=\"https:\/\/www.klearlaser.com\/wp-content\/uploads\/2026\/01\/klearlaser-backpack-laser-cleaning-machine-5.jpg\" alt=\"\" width=\"706\" height=\"706\" srcset=\"https:\/\/www.klearlaser.com\/wp-content\/uploads\/2026\/01\/klearlaser-backpack-laser-cleaning-machine-5.jpg 814w, https:\/\/www.klearlaser.com\/wp-content\/uploads\/2026\/01\/klearlaser-backpack-laser-cleaning-machine-5-300x300.jpg 300w, https:\/\/www.klearlaser.com\/wp-content\/uploads\/2026\/01\/klearlaser-backpack-laser-cleaning-machine-5-150x150.jpg 150w, https:\/\/www.klearlaser.com\/wp-content\/uploads\/2026\/01\/klearlaser-backpack-laser-cleaning-machine-5-768x768.jpg 768w, https:\/\/www.klearlaser.com\/wp-content\/uploads\/2026\/01\/klearlaser-backpack-laser-cleaning-machine-5-12x12.jpg 12w, https:\/\/www.klearlaser.com\/wp-content\/uploads\/2026\/01\/klearlaser-backpack-laser-cleaning-machine-5-600x600.jpg 600w, https:\/\/www.klearlaser.com\/wp-content\/uploads\/2026\/01\/klearlaser-backpack-laser-cleaning-machine-5-100x100.jpg 100w\" sizes=\"(max-width: 706px) 100vw, 706px\" \/> <img loading=\"lazy\" decoding=\"async\" class=\"alignleft wp-image-4715\" src=\"https:\/\/www.klearlaser.com\/wp-content\/uploads\/2026\/01\/klearlaser-backpack-laser-cleaning-machine-6.jpg\" alt=\"\" width=\"707\" height=\"707\" srcset=\"https:\/\/www.klearlaser.com\/wp-content\/uploads\/2026\/01\/klearlaser-backpack-laser-cleaning-machine-6.jpg 752w, https:\/\/www.klearlaser.com\/wp-content\/uploads\/2026\/01\/klearlaser-backpack-laser-cleaning-machine-6-300x300.jpg 300w, https:\/\/www.klearlaser.com\/wp-content\/uploads\/2026\/01\/klearlaser-backpack-laser-cleaning-machine-6-150x150.jpg 150w, https:\/\/www.klearlaser.com\/wp-content\/uploads\/2026\/01\/klearlaser-backpack-laser-cleaning-machine-6-12x12.jpg 12w, https:\/\/www.klearlaser.com\/wp-content\/uploads\/2026\/01\/klearlaser-backpack-laser-cleaning-machine-6-600x600.jpg 600w, https:\/\/www.klearlaser.com\/wp-content\/uploads\/2026\/01\/klearlaser-backpack-laser-cleaning-machine-6-100x100.jpg 100w\" sizes=\"(max-width: 707px) 100vw, 707px\" \/> <img loading=\"lazy\" decoding=\"async\" class=\"alignleft wp-image-4716\" src=\"https:\/\/www.klearlaser.com\/wp-content\/uploads\/2026\/01\/klearlaser-backpack-laser-cleaning-machine-7.jpg\" alt=\"\" width=\"708\" height=\"708\" srcset=\"https:\/\/www.klearlaser.com\/wp-content\/uploads\/2026\/01\/klearlaser-backpack-laser-cleaning-machine-7.jpg 666w, https:\/\/www.klearlaser.com\/wp-content\/uploads\/2026\/01\/klearlaser-backpack-laser-cleaning-machine-7-300x300.jpg 300w, https:\/\/www.klearlaser.com\/wp-content\/uploads\/2026\/01\/klearlaser-backpack-laser-cleaning-machine-7-150x150.jpg 150w, https:\/\/www.klearlaser.com\/wp-content\/uploads\/2026\/01\/klearlaser-backpack-laser-cleaning-machine-7-12x12.jpg 12w, https:\/\/www.klearlaser.com\/wp-content\/uploads\/2026\/01\/klearlaser-backpack-laser-cleaning-machine-7-600x600.jpg 600w, https:\/\/www.klearlaser.com\/wp-content\/uploads\/2026\/01\/klearlaser-backpack-laser-cleaning-machine-7-100x100.jpg 100w\" sizes=\"(max-width: 708px) 100vw, 708px\" \/> <img loading=\"lazy\" decoding=\"async\" class=\"alignleft wp-image-4719\" src=\"https:\/\/www.klearlaser.com\/wp-content\/uploads\/2026\/01\/klearlaser-laser-cleaning-machine-application.jpg\" alt=\"\" width=\"705\" height=\"604\" srcset=\"https:\/\/www.klearlaser.com\/wp-content\/uploads\/2026\/01\/klearlaser-laser-cleaning-machine-application.jpg 654w, https:\/\/www.klearlaser.com\/wp-content\/uploads\/2026\/01\/klearlaser-laser-cleaning-machine-application-300x257.jpg 300w, https:\/\/www.klearlaser.com\/wp-content\/uploads\/2026\/01\/klearlaser-laser-cleaning-machine-application-14x12.jpg 14w, https:\/\/www.klearlaser.com\/wp-content\/uploads\/2026\/01\/klearlaser-laser-cleaning-machine-application-600x514.jpg 600w\" sizes=\"(max-width: 705px) 100vw, 705px\" \/> <img loading=\"lazy\" decoding=\"async\" class=\"alignleft wp-image-4720\" src=\"https:\/\/www.klearlaser.com\/wp-content\/uploads\/2026\/01\/klearlaser-laser-cleaning-machine-sample.jpg\" alt=\"\" width=\"704\" height=\"853\" srcset=\"https:\/\/www.klearlaser.com\/wp-content\/uploads\/2026\/01\/klearlaser-laser-cleaning-machine-sample.jpg 664w, https:\/\/www.klearlaser.com\/wp-content\/uploads\/2026\/01\/klearlaser-laser-cleaning-machine-sample-248x300.jpg 248w, https:\/\/www.klearlaser.com\/wp-content\/uploads\/2026\/01\/klearlaser-laser-cleaning-machine-sample-10x12.jpg 10w, https:\/\/www.klearlaser.com\/wp-content\/uploads\/2026\/01\/klearlaser-laser-cleaning-machine-sample-600x727.jpg 600w\" sizes=\"(max-width: 704px) 100vw, 704px\" \/> <img loading=\"lazy\" decoding=\"async\" class=\"alignleft wp-image-4718\" src=\"https:\/\/www.klearlaser.com\/wp-content\/uploads\/2026\/01\/klearlaser-Laser-Cleaning-Before-After.jpg\" alt=\"\" width=\"705\" height=\"881\" srcset=\"https:\/\/www.klearlaser.com\/wp-content\/uploads\/2026\/01\/klearlaser-Laser-Cleaning-Before-After.jpg 584w, https:\/\/www.klearlaser.com\/wp-content\/uploads\/2026\/01\/klearlaser-Laser-Cleaning-Before-After-240x300.jpg 240w, https:\/\/www.klearlaser.com\/wp-content\/uploads\/2026\/01\/klearlaser-Laser-Cleaning-Before-After-10x12.jpg 10w\" sizes=\"(max-width: 705px) 100vw, 705px\" \/> <img loading=\"lazy\" decoding=\"async\" class=\"alignleft wp-image-4721\" src=\"https:\/\/www.klearlaser.com\/wp-content\/uploads\/2026\/01\/klearlaser-packing.jpg\" alt=\"\" width=\"698\" height=\"455\" srcset=\"https:\/\/www.klearlaser.com\/wp-content\/uploads\/2026\/01\/klearlaser-packing.jpg 647w, https:\/\/www.klearlaser.com\/wp-content\/uploads\/2026\/01\/klearlaser-packing-300x196.jpg 300w, https:\/\/www.klearlaser.com\/wp-content\/uploads\/2026\/01\/klearlaser-packing-18x12.jpg 18w, https:\/\/www.klearlaser.com\/wp-content\/uploads\/2026\/01\/klearlaser-packing-600x391.jpg 600w\" sizes=\"(max-width: 698px) 100vw, 698px\" \/> <img loading=\"lazy\" decoding=\"async\" class=\"alignleft wp-image-4717\" src=\"https:\/\/www.klearlaser.com\/wp-content\/uploads\/2026\/01\/klearlaser-certification.jpg\" alt=\"\" width=\"705\" height=\"487\" srcset=\"https:\/\/www.klearlaser.com\/wp-content\/uploads\/2026\/01\/klearlaser-certification.jpg 729w, https:\/\/www.klearlaser.com\/wp-content\/uploads\/2026\/01\/klearlaser-certification-300x207.jpg 300w, https:\/\/www.klearlaser.com\/wp-content\/uploads\/2026\/01\/klearlaser-certification-18x12.jpg 18w, https:\/\/www.klearlaser.com\/wp-content\/uploads\/2026\/01\/klearlaser-certification-600x415.jpg 600w\" sizes=\"(max-width: 705px) 100vw, 705px\" \/> <img loading=\"lazy\" decoding=\"async\" class=\"alignleft wp-image-4710\" src=\"https:\/\/www.klearlaser.com\/wp-content\/uploads\/2026\/01\/klearlaser-advantage.jpg\" alt=\"\" width=\"709\" height=\"481\" srcset=\"https:\/\/www.klearlaser.com\/wp-content\/uploads\/2026\/01\/klearlaser-advantage.jpg 950w, https:\/\/www.klearlaser.com\/wp-content\/uploads\/2026\/01\/klearlaser-advantage-300x204.jpg 300w, https:\/\/www.klearlaser.com\/wp-content\/uploads\/2026\/01\/klearlaser-advantage-768x521.jpg 768w, https:\/\/www.klearlaser.com\/wp-content\/uploads\/2026\/01\/klearlaser-advantage-18x12.jpg 18w, https:\/\/www.klearlaser.com\/wp-content\/uploads\/2026\/01\/klearlaser-advantage-600x407.jpg 600w\" sizes=\"(max-width: 709px) 100vw, 709px\" \/><\/p>\n<p>&nbsp;<\/p>\n<p>&nbsp;<\/p>\n<p>&nbsp;<\/p>\n<p>&nbsp;<\/p>\n<p dir=\"auto\">","protected":false},"excerpt":{"rendered":"<p dir=\"auto\"><strong>Descubra a \u00faltima palavra em portabilidade e precis\u00e3o com a m\u00e1quina de limpeza a laser de mochila KlearLaser.<\/strong> Este inovador sistema de pulsa\u00e7\u00e3o de 100W-300W <strong>m\u00e1quina de limpeza a laser de mochila<\/strong> elimina as limita\u00e7\u00f5es do equipamento pesado tradicional e apresenta um design leve e port\u00e1til, alimentado por fontes Raycus\/JPT\/IPG de primeira qualidade, o que o torna a solu\u00e7\u00e3o de limpeza de alta mobilidade e sem fios ideal para profissionais em movimento. Com a sua mochila ergon\u00f3mica e o alcance da fibra de 1,5 m, o <strong>M\u00e1quina de limpeza laser de mochila KlearLaser<\/strong> proporciona uma limpeza sem contacto e segura do substrato, encorajando um trabalho mais eficiente no local e oferecendo uma liberdade sem paralelo para aplica\u00e7\u00f5es a grande altitude, no exterior e em espa\u00e7os confinados.<\/p>\n<ul dir=\"auto\">\n<li>Mochila de acolhimento ultra-leve (12-18kg): Confort\u00e1vel para uma utiliza\u00e7\u00e3o prolongada.<\/li>\n<li>Tecnologia de laser pulsado: Limpeza de precis\u00e3o com zero danos t\u00e9rmicos ou danos no substrato.<\/li>\n<li>Cabo de fibra de 1,5 m: Alcance suficiente para a maioria das tarefas no local.<\/li>\n<li>Design arrefecido a ar: N\u00e3o necessita de \u00e1gua - perfeito para trabalhos no exterior\/no campo.<\/li>\n<li>Opera\u00e7\u00e3o f\u00e1cil: N\u00e3o \u00e9 necess\u00e1ria forma\u00e7\u00e3o especial, ideal para equipas m\u00f3veis.<\/li>\n<li>Aplica\u00e7\u00f5es de alta mobilidade: Pontes, torres, interiores de navios, restauro de patrim\u00f3nio.<\/li>\n<\/ul>\n<p>&nbsp;<\/p>\n<p><a href=\"https:\/\/www.klearlaser.com\/pt\/laser-cleaning-contact\/\">Contactar-nos<\/a> para teste de amostra gr\u00e1tis e or\u00e7amento: Envie o seu material para uma demonstra\u00e7\u00e3o de limpeza - sem compromisso.<\/p>","protected":false},"featured_media":4723,"template":"","meta":[],"product_brand":[],"product_cat":[98],"product_tag":[],"class_list":{"0":"post-4647","1":"product","2":"type-product","3":"status-publish","4":"has-post-thumbnail","6":"product_cat-backpack-series","8":"first","9":"instock","10":"shipping-taxable","11":"product-type-simple"},"_links":{"self":[{"href":"https:\/\/www.klearlaser.com\/pt\/wp-json\/wp\/v2\/product\/4647","targetHints":{"allow":["GET"]}}],"collection":[{"href":"https:\/\/www.klearlaser.com\/pt\/wp-json\/wp\/v2\/product"}],"about":[{"href":"https:\/\/www.klearlaser.com\/pt\/wp-json\/wp\/v2\/types\/product"}],"wp:featuredmedia":[{"embeddable":true,"href":"https:\/\/www.klearlaser.com\/pt\/wp-json\/wp\/v2\/media\/4723"}],"wp:attachment":[{"href":"https:\/\/www.klearlaser.com\/pt\/wp-json\/wp\/v2\/media?parent=4647"}],"wp:term":[{"taxonomy":"product_brand","embeddable":true,"href":"https:\/\/www.klearlaser.com\/pt\/wp-json\/wp\/v2\/product_brand?post=4647"},{"taxonomy":"product_cat","embeddable":true,"href":"https:\/\/www.klearlaser.com\/pt\/wp-json\/wp\/v2\/product_cat?post=4647"},{"taxonomy":"product_tag","embeddable":true,"href":"https:\/\/www.klearlaser.com\/pt\/wp-json\/wp\/v2\/product_tag?post=4647"}],"curies":[{"name":"wp","href":"https:\/\/api.w.org\/{rel}","templated":true}]}}